{"id":13822,"date":"2024-02-01T16:30:57","date_gmt":"2024-02-01T16:30:57","guid":{"rendered":"https:\/\/ymu.emg.mybluehost.me\/website_eeeaa1cf\/?page_id=13822"},"modified":"2024-06-20T16:57:46","modified_gmt":"2024-06-20T16:57:46","slug":"headhunting","status":"publish","type":"page","link":"https:\/\/estratiahc.com.mx\/zh\/headhunting\/","title":{"rendered":"\u730e\u5934"},"content":{"rendered":"<section class=\"wpb-content-wrapper\"><section data-vc-full-width=\"true\" data-vc-full-width-init=\"false\" class=\"vc_section vc_section_visible vc_custom_1718236993866 vc_row-o-full-height vc_section-o-content-middle vc_section-flex\" data-section-name=\"\"><div data-vc-full-width=\"true\" data-vc-full-width-init=\"false\" class=\"vc_row wpb_row vc_row-fluid vc_row_visible custom-responsive-164931839 vc_custom_1710368120420 vc_column-gap-25 vc_row-o-content-middle vc_row-flex\"><div class=\"wpb_column vc_column_container vc_col-sm-3\/5 text-left\"><div class=\"vc_column-inner\"><div class=\"wpb_wrapper\"><div id=\"el1708621926348-a9e83dbd-d476\" class=\"mb-3 text-left\"><h1 class=\"mb-32 pix-sliding-headline-2 animate-in font-weight-bold secondary-font\" data-anim-type=\"pix-sliding-text\" pix-anim-delay=\"500\" data-class=\"secondary-font text-primary\" style=\"\"><span class=\"slide-in-container\"><span class=\"pix-sliding-item secondary-font text-primary\" style=\"transition-delay: 0ms;\">\u6709\u6548\u7684\u730e\u5934<\/span><\/span> <span class=\"slide-in-container\"><span class=\"pix-sliding-item secondary-font text-primary\" style=\"transition-delay: 150ms;\">\u670d\u52a1<\/span><\/span> <\/h1><\/div><div id=\"el1705944504105-3cdddc6e-0d1b\" class=\"pix-el-text   w-100\" ><p class=\"\"><p class=\"translation-block\">\u60f3\u8c61\u4e00\u4e0b\u4f60\u7684\u516c\u53f8\u7531\u4e00\u4e2a\u5353\u8d8a\u7684\u884c\u653f\u56e2\u961f\u7ec4\u6210\uff0c\u4ed6\u4eec\u7531\u6709\u8fdc\u89c1\u7684\u9886\u5bfc\u8005\u3001\u6770\u51fa\u7684\u6218\u7565\u5bb6\u548c\u4e0d\u77e5\u75b2\u5026\u7684\u6267\u884c\u8005\u7ec4\u6210\u3002<\/p>\n<p><b>\u901a\u8fc7\u6211\u4eec\u8ba4\u8bc1\u7684\u730e\u5934\u670d\u52a1\uff0c\u65e0\u8bba\u8d35\u516c\u53f8\u7684\u65f6\u95f4\u3001\u60c5\u51b5\u6216\u8282\u594f\u5982\u4f55\uff0c <\/b><span style=\"font-weight: 400;\">\u8fd9\u4e2a\u68a6\u60f3\u90fd\u53ef\u80fd\u6210\u4e3a\u73b0\u5b9e\u3002\u00a0<\/span><\/p>\n<\/p><\/div><div class=\"pix-el-text w-100   vc_custom_1718229087236\" ><p class=\"text-sm  text-primary  font-weight-bold\" >\u6211\u4eec\u81f4\u529b\u4e8e\u63d0\u4f9b\u80fd\u591f\u964d\u4f4e\u60a8\u7684\u6210\u672c\u5e76\u63d0\u9ad8\u4eba\u624d\u4fdd\u7559\u7387\u7684\u89e3\u51b3\u65b9\u6848\u3002\r\n<\/p><\/div><a id=\"boton-lap01\" href=\"https:\/\/estratiahc.com.mx\/zh\/contacto\/\" class=\"btn mb-2    vc_custom_1718236742184  btn-secondary d-inline-block     btn-rounded btn-lg\"     ><span class=\"font-weight-bold\" >\u8054\u7cfb\u6211\u4eec<\/span><\/a><a id=\"boton-lap02\" href=\"https:\/\/estratiahc.com.mx\/zh\/vacantes-activas\/\" class=\"btn mb-2    vc_custom_1710531283555  btn-blue d-inline-block     btn-rounded btn-md\"     ><span class=\"font-weight-bold\" >\u6c42\u804c\u677f<\/span><\/a><\/div><\/div><\/div><div class=\"wpb_column vc_column_container vc_col-sm-2\/5 text-left\"><div class=\"vc_column-inner  vc_custom_1604715604745\"><div class=\"wpb_wrapper\"><div class=\"d-inline-block\" ><div class=\"animate-in  d-inline-block\" data-anim-type=\"fade-in-right\" data-anim-delay=\"0\"><div class=\"pix-img-el    text-center d-inline-block  w-100 rounded-0\"  ><img loading=\"lazy\" decoding=\"async\" class=\"card-img2 pix-img-elem rounded-0  h-1002\" style=\"height:auto;\" width=\"757\" height=\"800\" srcset=\"https:\/\/estratiahc.com.mx\/wp-content\/uploads\/2024\/02\/Estratia-contacto-1.png 757w, https:\/\/estratiahc.com.mx\/wp-content\/uploads\/2024\/02\/Estratia-contacto-1-284x300.png 284w, https:\/\/estratiahc.com.mx\/wp-content\/uploads\/2024\/02\/Estratia-contacto-1-11x12.png 11w\" sizes=\"auto, (max-width: 757px) 100vw, 757px\" src=\"https:\/\/estratiahc.com.mx\/wp-content\/uploads\/2024\/02\/Estratia-contacto-1.png\" alt=\"\" \/><\/div><\/div><\/div><div class=\"vc_row wpb_row vc_inner vc_row-fluid vc_column-gap-25\"><div class=\"wpb_column vc_column_container vc_col-sm-6 vc_col-xs-2 text-center\"><div class=\"vc_column-inner vc_custom_1710538660667\"><div class=\"wpb_wrapper\"><a id=\"boton-cel01\" href=\"https:\/\/estratiahc.com.mx\/zh\/contacto\/\" class=\"btn mb-2    vc_custom_1710538364555  btn-secondary d-inline-block     btn-rounded btn-normal\"     ><span class=\"font-weight-bold\" >\u8054\u7cfb\u6211\u4eec<\/span><\/a><\/div><\/div><\/div><div class=\"wpb_column vc_column_container vc_col-sm-6 vc_col-xs-2 text-center\"><div class=\"vc_column-inner vc_custom_1710538673632\"><div class=\"wpb_wrapper\"><a id=\"boton-cel02\" href=\"https:\/\/estratiahc.com.mx\/zh\/vacantes-activas\/\" class=\"btn mb-2    vc_custom_1710538503164  btn-blue d-inline-block     btn-rounded btn-normal\"     ><span class=\"font-weight-bold\" >\u6c42\u804c\u677f<\/span><\/a><\/div><\/div><\/div><\/div><\/div><\/div><\/div><\/div><div class=\"vc_row-full-width vc_clearfix\"><\/div><\/section><div class=\"vc_row-full-width vc_clearfix\"><\/div><section data-vc-full-width=\"true\" data-vc-full-width-init=\"false\" class=\"vc_section vc_section_visible custom-responsive-112489963 vc_custom_1718236970702 vc_section-has-fill vc_section-o-content-middle vc_section-flex\" data-section-name=\"\"><div class=\"pix-divider pix-top-divider\" data-style=\"style-24\" style=\"top:-1px;\"><svg xmlns=\"http:\/\/www.w3.org\/2000\/svg\" width=\"100%\"  viewbox=\"0 0 300 130\" preserveaspectratio=\"none\"><g fill=\"#ffffff\"  ><polygon points=\"0 109.769452 300 49.8270893 300 130 0 130\"><\/polygon><\/g><g class=\"animate-in\" data-anim-type=\"fade-in-up\" data-anim-delay=\"300\"><g fill=\"url(#divider-79763-top-overlay-layer-1)\" transform=\"translate(0.0, 49.83)\"><polygon points=\"87.319394 25.82088 87.375 42.5187032 71.812 45.62088 71.8127561 62.3221129 0 77.0678507 0 76.6446398 71.4373125 62.0149568 71.437 45.69588 0 59.9394524 0 43.2679827\"><\/polygon><polygon points=\"256.3125 8.72 300 2.1931479e-17 300 16.5748991 256.3125 25.2852738\"><\/polygon><\/g><\/g><defs><lineargradient id=\"divider-79763-top-overlay-layer-1\" x1=\"0%\" y1=\"0%\" x2=\"100%\" y2=\"0%\"><stop offset=\"0%\"   stop-color=\"rgba(255,255,255,0.6)\"\/><stop offset=\"100%\"   stop-color=\"#e9ecef\"\/><\/lineargradient><\/defs><\/svg><\/div><div class=\"pix-divider pix-bottom-divider\" data-style=\"style-9\" style=\"bottom:-1px;\"><svg xmlns=\"http:\/\/www.w3.org\/2000\/svg\" width=\"100%\"  viewbox=\"0 0 1200 286\" preserveaspectratio=\"none\"><polygon fill=\"#f8f9fa\" points=\"0 280 1200 40 1200 286 0 286\"\/><defs><\/defs><\/svg><\/div><div class=\"vc_row wpb_row vc_row-fluid vc_row_visible vc_custom_1718233101603 vc_row-o-content-middle vc_row-flex\"><div class=\"wpb_column vc_column_container vc_col-sm-12 text-left\"><div class=\"vc_column-inner  vc_custom_1591423889114\"><div class=\"wpb_wrapper\"><div class=\"vc_row wpb_row vc_inner vc_row-fluid\"><div class=\"wpb_column vc_column_container vc_col-sm-6 text-left\"><div class=\"vc_column-inner vc_custom_1718233562287\"><div class=\"wpb_wrapper\"><div id=\"1604713815670-5c08efd0-d6d0\" class=\"pix-feature-el text-left  vc_custom_1718643194579\"><div class=\"d-inline-block animate-in\" data-anim-type=\"fade-in-up\" data-anim-delay=\"100\" style=\"position:relative;text-align:center;\"><i style=\"display:inline-block;font-size:30px;line-height:30px;\" class=\"text-primary align-middle pixicon-check-square-2\"><\/i><\/div><h5 class=\"font-weight-bold  secondary-font text-heading-default animate-in\" style=\"padding-top:30px;\" data-anim-type=\"fade-in-up\" data-anim-delay=\"200\">\u8c03\u7814\u4e0e\u5206\u6790\u804c\u4f4d\u8981\u6c42<\/h5><div class=\"text-body-default      animate-in\" style=\"padding-top:10px;\" data-anim-type=\"fade-in-up\" data-anim-delay=\"300\">\u6211\u4eec\u4e0e\u4eba\u529b\u8d44\u6e90\u4e1a\u52a1\u4f19\u4f34\u6216\u4eba\u529b\u8d44\u6e90\u7ecf\u7406\u5408\u4f5c\uff0c\u6df1\u5165\u4e86\u89e3\u804c\u4f4d\u9700\u6c42\u548c\u7406\u60f3\u5019\u9009\u4eba\u7684\u7279\u5f81\u3002<\/div><\/div><div id=\"1604713815793-74a4e7f9-e85f\" class=\"pix-feature-el text-left  vc_custom_1718643225488\"><div class=\"d-inline-block animate-in\" data-anim-type=\"fade-in-up\" data-anim-delay=\"300\" style=\"position:relative;text-align:center;\"><i style=\"display:inline-block;font-size:30px;line-height:30px;\" class=\"text-primary align-middle pixicon-laptop-3\"><\/i><\/div><h5 class=\"font-weight-bold  secondary-font text-heading-default animate-in\" style=\"padding-top:30px;\" data-anim-type=\"fade-in-up\" data-anim-delay=\"400\">\u5168\u9762\u8bc4\u4f30<\/h5><div class=\"text-body-default      animate-in\" style=\"padding-top:10px;\" data-anim-type=\"fade-in-up\" data-anim-delay=\"500\">\u6211\u4eec\u5e94\u7528\u5fc3\u7406\u6d4b\u8bd5\u5e76\u8fdb\u884c\u8be6\u5c3d\u7684\u9762\u8bd5\uff0c\u4ee5\u8bc4\u4f30\u6bcf\u4f4d\u5019\u9009\u4eba\u7684\u6280\u80fd\u3001\u7ecf\u9a8c\u548c\u6587\u5316\u5951\u5408\u5ea6\u3002<\/div><\/div><\/div><\/div><\/div><div class=\"wpb_column vc_column_container vc_col-sm-6 text-left\"><div class=\"vc_column-inner\"><div class=\"wpb_wrapper\"><div id=\"1718642163457-979e5dc7-68bc\" class=\"pix-feature-el text-left  vc_custom_1718643234788\"><div class=\"d-inline-block animate-in\" data-anim-type=\"fade-in-up\" data-anim-delay=\"200\" style=\"position:relative;text-align:center;\"><i style=\"display:inline-block;font-size:30px;line-height:30px;\" class=\"text-primary align-middle pixicon-user-female-search\"><\/i><\/div><h5 class=\"font-weight-bold  secondary-font text-heading-default animate-in\" style=\"padding-top:30px;\" data-anim-type=\"fade-in-up\" data-anim-delay=\"300\">\u641c\u5bfb\u4e0e\u7504\u9009<\/h5><div class=\"text-body-default      animate-in\" style=\"padding-top:10px;\" data-anim-type=\"fade-in-up\" data-anim-delay=\"400\">\u6211\u4eec\u81f4\u529b\u4e8e\u5bfb\u627e\u6700\u4f18\u79c0\u7684\u4eba\u624d\uff0c\u5373\u4f7f\u662f\u90a3\u4e9b\u6ca1\u6709\u79ef\u6781\u5bfb\u627e\u65b0\u5de5\u4f5c\u7684\u4eba\u624d<\/div><\/div><div id=\"1718230315213-27ed0322-7c63\" class=\"pix-feature-el text-left  vc_custom_1718643397567\"><div class=\"d-inline-block animate-in\" data-anim-type=\"fade-in-up\" data-anim-delay=\"100\" style=\"position:relative;text-align:center;\"><i style=\"display:inline-block;font-size:30px;line-height:30px;\" class=\"text-primary align-middle pixicon-user-male-check-2\"><\/i><\/div><h5 class=\"font-weight-bold  secondary-font text-heading-default animate-in\" style=\"padding-top:30px;\" data-anim-type=\"fade-in-up\" data-anim-delay=\"200\">\u63a8\u8350\u5408\u683c\u7684\u5019\u9009\u4eba<\/h5><div class=\"text-body-default      animate-in\" style=\"padding-top:10px;\" data-anim-type=\"fade-in-up\" data-anim-delay=\"300\">\u6211\u4eec\u5411\u60a8\u63a8\u8350\u4e09\u4f4d\u6700\u4f18\u79c0\u7684\u5019\u9009\u4eba\uff0c\u4ed6\u4eec\u7b26\u5408\u804c\u4f4d\u8981\u6c42\u548c\u516c\u53f8\u6587\u5316\u3002<\/div><\/div><\/div><\/div><\/div><\/div><div class=\"vc_row wpb_row vc_inner vc_row-fluid vc_custom_1718233220184\"><div class=\"wpb_column vc_column_container vc_col-sm-4 text-left\"><div class=\"vc_column-inner\"><div class=\"wpb_wrapper\"><\/div><\/div><\/div><div class=\"wpb_column vc_column_container vc_col-sm-4 text-left\"><div class=\"vc_column-inner\"><div class=\"wpb_wrapper\"><div id=\"1718230315265-b55c0c46-f477\" class=\"pix-feature-el text-left  vc_custom_1718643260162\"><div class=\"d-inline-block animate-in\" data-anim-type=\"fade-in-up\" data-anim-delay=\"300\" style=\"position:relative;text-align:center;\"><i style=\"display:inline-block;font-size:30px;line-height:30px;\" class=\"text-primary align-middle pixicon-msg-check-1\"><\/i><\/div><h5 class=\"font-weight-bold  secondary-font text-heading-default animate-in\" style=\"padding-top:30px;\" data-anim-type=\"fade-in-up\" data-anim-delay=\"400\">\u62db\u8058\u8fc7\u7a0b\u4e2d\u7684\u652f\u6301<\/h5><div class=\"text-body-default      animate-in\" style=\"padding-top:10px;\" data-anim-type=\"fade-in-up\" data-anim-delay=\"500\">\u6211\u4eec\u4e3a\u6574\u4e2a\u62db\u8058\u8fc7\u7a0b\u63d0\u4f9b\u54a8\u8be2\u548c\u652f\u6301\uff0c\u4ece\u6700\u7ec8\u7b5b\u9009\u5230\u65b0\u5458\u5de5\u5165\u804c\u3002<\/div><\/div><\/div><\/div><\/div><div class=\"wpb_column vc_column_container vc_col-sm-4 text-left\"><div class=\"vc_column-inner\"><div class=\"wpb_wrapper\"><\/div><\/div><\/div><\/div><\/div><\/div><\/div><\/div><div data-vc-full-width=\"true\" data-vc-full-width-init=\"false\" class=\"vc_row wpb_row vc_row-fluid vc_row_visible vc_custom_1718235403531 vc_column-gap-35 vc_row-o-content-middle vc_row-flex\"><div class=\"wpb_animate_when_almost_visible wpb_fadeInLeft fadeInLeft wpb_column vc_column_container vc_col-sm-6 text-left\"><div class=\"vc_column-inner custom-responsive-84683255 vc_custom_1718902642902\"><div class=\"wpb_wrapper\"><div class=\"d-inline-block\" ><div class=\"pix-img-el    text-left d-inline-block  w-100 rounded\"  ><img loading=\"lazy\" decoding=\"async\" class=\"card-img2 pix-img-elem rounded  h-1002\" style=\"height:auto;\" width=\"1140\" height=\"1710\" srcset=\"https:\/\/estratiahc.com.mx\/wp-content\/uploads\/2024\/06\/FachadaVertical-1.jpeg 1140w, https:\/\/estratiahc.com.mx\/wp-content\/uploads\/2024\/06\/FachadaVertical-1-200x300.jpeg 200w, https:\/\/estratiahc.com.mx\/wp-content\/uploads\/2024\/06\/FachadaVertical-1-683x1024.jpeg 683w, https:\/\/estratiahc.com.mx\/wp-content\/uploads\/2024\/06\/FachadaVertical-1-768x1152.jpeg 768w, https:\/\/estratiahc.com.mx\/wp-content\/uploads\/2024\/06\/FachadaVertical-1-1024x1536.jpeg 1024w, https:\/\/estratiahc.com.mx\/wp-content\/uploads\/2024\/06\/FachadaVertical-1-8x12.jpeg 8w\" sizes=\"auto, (max-width: 1140px) 100vw, 1140px\" src=\"https:\/\/estratiahc.com.mx\/wp-content\/uploads\/2024\/06\/FachadaVertical-1.jpeg\" alt=\"\" \/><\/div><\/div><\/div><\/div><\/div><div class=\"wpb_column vc_column_container vc_col-sm-6 text-left\"><div class=\"vc_column-inner\"><div class=\"wpb_wrapper\"><div id=\"el1705944504107-3713250d-9966\" class=\"pix-el-text   w-100   vc_custom_1718236466968\" ><p class=\"\"><p><span style=\"color: #4d6aad;\"><strong>\u5728 Estratia\uff0c\u6211\u4eec\u81f4\u529b\u4e8e\u4ee5\u5168\u9762\u7684\u65b9\u5f0f\u4e3a\u4f01\u4e1a\u63d0\u4f9b\u730e\u5934\u670d\u52a1\uff0c\u6ee1\u8db3\u4ee5\u4e0b\u8981\u6c42\uff1a<\/strong><\/span><\/p>\n<p><b>\u673a\u5bc6\u6027\u548c\u8c28\u614e\u6027\uff1a<\/b><span style=\"font-weight: 400;\"> \u6211\u4eec\u6709\u80fd\u529b\u8c28\u614e\u5904\u7406\u673a\u5bc6\u4fe1\u606f\u5e76\u4fdd\u62a4\u516c\u53f8\u58f0\u8a89\u3002<\/span><\/p>\n<p><b>\u516c\u6b63\u6027\u548c\u5ba2\u89c2\u6027\uff1a<\/b><span style=\"font-weight: 400;\"> \u8058\u7528\u6211\u4eec\u540e\uff0c\u5c06\u4e0d\u5b58\u5728\u4efb\u4f55\u53ef\u80fd\u5f71\u54cd\u62db\u8058\u51b3\u5b9a\u7684\u5185\u90e8\u504f\u89c1\u3002<\/span><\/p>\n<p class=\"translation-block\">\u5e02\u573a\u8ba4\u77e5\uff1a\u6211\u4eec\u4e86\u89e3\u6700\u65b0\u7684\u5e02\u573a\u8d8b\u52bf\u548cC\u7ea7\u804c\u4f4d\u7684\u85aa\u916c\u6c34\u5e73\u3002\u6211\u4eec\u8fd8\u5c06\u6307\u5bfc\u60a8\u5236\u5b9a\u6709\u7ade\u4e89\u529b\u7684\u804c\u4f4d\u85aa\u916c\u65b9\u6848\uff0c\u6216\u8005\uff0c\u6211\u4eec\u63d0\u4f9b\u85aa\u916c\u798f\u5229\u8868\u670d\u52a1\uff0c\u4ee5\u5438\u5f15\u6700\u4f18\u79c0\u7684\u5019\u9009\u4eba<\/p>\n<p><b>\u7559\u4efb\u4fdd\u8bc1\uff1a <\/b><span style=\"font-weight: 400;\">\u5982\u679c\u60a8\u5bf9\u5019\u9009\u4eba\u4e0d\u6ee1\u610f\uff0c\u6211\u4eec\u5c06\u63d0\u4f9b\u5019\u9009\u4eba\u7559\u4efb\u4fdd\u8bc1\uff0c\u4ee5\u586b\u8865\u804c\u4f4d\u7a7a\u7f3a\u3002\u00a0<\/span><\/p>\n<\/p><\/div><a  href=\"https:\/\/estratiahc.com.mx\/zh\/contacto\/\" class=\"btn mb-2     btn-secondary d-inline-block     btn-rounded btn-lg\"     ><span class=\"font-weight-bold\" >\u8054\u7cfb\u6211\u4eec<\/span><\/a><\/div><\/div><\/div><\/div><div class=\"vc_row-full-width vc_clearfix\"><\/div><\/section><div class=\"vc_row-full-width vc_clearfix\"><\/div><\/section>","protected":false},"excerpt":{"rendered":"Headhunting&#32; Efectivo&#32; Imagina a tu empresa compuesta por un equipo ejecutivo excepcional, compuesto por l\u00edderes visionarios, estrategas brillantes y ejecutores implacables. Ese sue\u00f1o puede ser tu realidad con nuestro servicio certificado de headhunting sea cual sea el tiempo, momento, situaci\u00f3n...","protected":false},"author":1,"featured_media":0,"parent":0,"menu_order":0,"comment_status":"closed","ping_status":"closed","template":"","meta":{"nf_dc_page":"","inline_featured_image":false,"footnotes":""},"class_list":["post-13822","page","type-page","status-publish","hentry"],"yoast_head":"<!-- This site is optimized with the Yoast SEO plugin v26.9 - https:\/\/yoast.com\/product\/yoast-seo-wordpress\/ -->\n<title>Headhunting - Estratia<\/title>\n<meta name=\"robots\" content=\"index, follow, max-snippet:-1, max-image-preview:large, max-video-preview:-1\" \/>\n<link rel=\"canonical\" href=\"https:\/\/ymu.emg.mybluehost.me\/website_eeeaa1cf\/headhunting\/\" \/>\n<meta property=\"og:locale\" content=\"zh_CN\" \/>\n<meta property=\"og:type\" content=\"article\" \/>\n<meta property=\"og:title\" content=\"Headhunting - Estratia\" \/>\n<meta property=\"og:url\" content=\"https:\/\/ymu.emg.mybluehost.me\/website_eeeaa1cf\/headhunting\/\" \/>\n<meta property=\"og:site_name\" content=\"Estratia\" \/>\n<meta property=\"article:modified_time\" content=\"2024-06-20T16:57:46+00:00\" \/>\n<meta name=\"twitter:card\" content=\"summary_large_image\" \/>\n<meta name=\"twitter:label1\" content=\"\u9884\u8ba1\u9605\u8bfb\u65f6\u95f4\" \/>\n\t<meta name=\"twitter:data1\" content=\"3 \u5206\" \/>\n<script type=\"application\/ld+json\" class=\"yoast-schema-graph\">{\"@context\":\"https:\/\/schema.org\",\"@graph\":[{\"@type\":\"WebPage\",\"@id\":\"https:\/\/ymu.emg.mybluehost.me\/website_eeeaa1cf\/headhunting\/\",\"url\":\"https:\/\/ymu.emg.mybluehost.me\/website_eeeaa1cf\/headhunting\/\",\"name\":\"Headhunting - Estratia\",\"isPartOf\":{\"@id\":\"https:\/\/ymu.emg.mybluehost.me\/website_eeeaa1cf\/#website\"},\"datePublished\":\"2024-02-01T16:30:57+00:00\",\"dateModified\":\"2024-06-20T16:57:46+00:00\",\"breadcrumb\":{\"@id\":\"https:\/\/ymu.emg.mybluehost.me\/website_eeeaa1cf\/headhunting\/#breadcrumb\"},\"inLanguage\":\"zh-Hans\",\"potentialAction\":[{\"@type\":\"ReadAction\",\"target\":[\"https:\/\/ymu.emg.mybluehost.me\/website_eeeaa1cf\/headhunting\/\"]}]},{\"@type\":\"BreadcrumbList\",\"@id\":\"https:\/\/ymu.emg.mybluehost.me\/website_eeeaa1cf\/headhunting\/#breadcrumb\",\"itemListElement\":[{\"@type\":\"ListItem\",\"position\":1,\"name\":\"Portada\",\"item\":\"https:\/\/estratiahc.com.mx\/\"},{\"@type\":\"ListItem\",\"position\":2,\"name\":\"Headhunting\"}]},{\"@type\":\"WebSite\",\"@id\":\"https:\/\/ymu.emg.mybluehost.me\/website_eeeaa1cf\/#website\",\"url\":\"https:\/\/ymu.emg.mybluehost.me\/website_eeeaa1cf\/\",\"name\":\"Estratia\",\"description\":\"Human Capital\",\"potentialAction\":[{\"@type\":\"SearchAction\",\"target\":{\"@type\":\"EntryPoint\",\"urlTemplate\":\"https:\/\/ymu.emg.mybluehost.me\/website_eeeaa1cf\/?s={search_term_string}\"},\"query-input\":{\"@type\":\"PropertyValueSpecification\",\"valueRequired\":true,\"valueName\":\"search_term_string\"}}],\"inLanguage\":\"zh-Hans\"}]}<\/script>\n<!-- \/ Yoast SEO plugin. -->","yoast_head_json":{"title":"Headhunting - Estratia","robots":{"index":"index","follow":"follow","max-snippet":"max-snippet:-1","max-image-preview":"max-image-preview:large","max-video-preview":"max-video-preview:-1"},"canonical":"https:\/\/ymu.emg.mybluehost.me\/website_eeeaa1cf\/headhunting\/","og_locale":"zh_CN","og_type":"article","og_title":"Headhunting - Estratia","og_url":"https:\/\/ymu.emg.mybluehost.me\/website_eeeaa1cf\/headhunting\/","og_site_name":"Estratia","article_modified_time":"2024-06-20T16:57:46+00:00","twitter_card":"summary_large_image","twitter_misc":{"\u9884\u8ba1\u9605\u8bfb\u65f6\u95f4":"3 \u5206"},"schema":{"@context":"https:\/\/schema.org","@graph":[{"@type":"WebPage","@id":"https:\/\/ymu.emg.mybluehost.me\/website_eeeaa1cf\/headhunting\/","url":"https:\/\/ymu.emg.mybluehost.me\/website_eeeaa1cf\/headhunting\/","name":"Headhunting - Estratia","isPartOf":{"@id":"https:\/\/ymu.emg.mybluehost.me\/website_eeeaa1cf\/#website"},"datePublished":"2024-02-01T16:30:57+00:00","dateModified":"2024-06-20T16:57:46+00:00","breadcrumb":{"@id":"https:\/\/ymu.emg.mybluehost.me\/website_eeeaa1cf\/headhunting\/#breadcrumb"},"inLanguage":"zh-Hans","potentialAction":[{"@type":"ReadAction","target":["https:\/\/ymu.emg.mybluehost.me\/website_eeeaa1cf\/headhunting\/"]}]},{"@type":"BreadcrumbList","@id":"https:\/\/ymu.emg.mybluehost.me\/website_eeeaa1cf\/headhunting\/#breadcrumb","itemListElement":[{"@type":"ListItem","position":1,"name":"Portada","item":"https:\/\/estratiahc.com.mx\/"},{"@type":"ListItem","position":2,"name":"Headhunting"}]},{"@type":"WebSite","@id":"https:\/\/ymu.emg.mybluehost.me\/website_eeeaa1cf\/#website","url":"https:\/\/ymu.emg.mybluehost.me\/website_eeeaa1cf\/","name":"Estratia","description":"Human Capital","potentialAction":[{"@type":"SearchAction","target":{"@type":"EntryPoint","urlTemplate":"https:\/\/ymu.emg.mybluehost.me\/website_eeeaa1cf\/?s={search_term_string}"},"query-input":{"@type":"PropertyValueSpecification","valueRequired":true,"valueName":"search_term_string"}}],"inLanguage":"zh-Hans"}]}},"_links":{"self":[{"href":"https:\/\/estratiahc.com.mx\/zh\/wp-json\/wp\/v2\/pages\/13822","targetHints":{"allow":["GET"]}}],"collection":[{"href":"https:\/\/estratiahc.com.mx\/zh\/wp-json\/wp\/v2\/pages"}],"about":[{"href":"https:\/\/estratiahc.com.mx\/zh\/wp-json\/wp\/v2\/types\/page"}],"author":[{"embeddable":true,"href":"https:\/\/estratiahc.com.mx\/zh\/wp-json\/wp\/v2\/users\/1"}],"replies":[{"embeddable":true,"href":"https:\/\/estratiahc.com.mx\/zh\/wp-json\/wp\/v2\/comments?post=13822"}],"version-history":[{"count":67,"href":"https:\/\/estratiahc.com.mx\/zh\/wp-json\/wp\/v2\/pages\/13822\/revisions"}],"predecessor-version":[{"id":14739,"href":"https:\/\/estratiahc.com.mx\/zh\/wp-json\/wp\/v2\/pages\/13822\/revisions\/14739"}],"wp:attachment":[{"href":"https:\/\/estratiahc.com.mx\/zh\/wp-json\/wp\/v2\/media?parent=13822"}],"curies":[{"name":"wp","href":"https:\/\/api.w.org\/{rel}","templated":true}]}}