{"id":13514,"date":"2024-01-02T21:12:40","date_gmt":"2024-01-02T21:12:40","guid":{"rendered":"https:\/\/ymu.emg.mybluehost.me\/website_eeeaa1cf\/?page_id=13514"},"modified":"2024-10-31T19:42:56","modified_gmt":"2024-10-31T19:42:56","slug":"contacto","status":"publish","type":"page","link":"https:\/\/estratiahc.com.mx\/zh\/contacto\/","title":{"rendered":"\u8054\u7cfb\u65b9\u5f0f"},"content":{"rendered":"<section class=\"wpb-content-wrapper\"><section data-vc-full-width=\"true\" data-vc-full-width-init=\"false\" class=\"vc_section vc_section_visible custom-responsive-83732485 vc_custom_1707513895745\" data-section-name=\"\"><div class=\"pix_element_overlay  bg-primary\" style=\"pointer-events:none;;position:absolute;width:100%;height:100%;top:0;left:0;opacity:1;\"><\/div><div data-vc-full-width=\"true\" data-vc-full-width-init=\"false\" class=\"vc_row wpb_row vc_row-fluid vc_row_visible custom-responsive-27948556 vc_custom_1607913008261 vc_row-o-content-middle vc_row-flex\"><div class=\"wpb_column vc_column_container vc_col-sm-6 text-left\"><div class=\"vc_column-inner  vc_custom_1604715604745\"><div class=\"wpb_wrapper\"><div id=\"el1603925735052-9e8ebf61-2524\" class=\"pix-highlighted-element text-left  vc_custom_1707513880429\"><h2 class=\"pix-highlighted-items\" style=\"\" data-anim-type=\"\" data-anim-delay=\"0\"><span id=\"el1603925735052-9e8ebf61-2524-0\" class=\"\"><span class=\"pix-highlighted-text pix-highlight-item font-weight-normal  font-weight-bold heading-font text-white\">\u8054\u7cfb\u6211\u4eec!<\/span><\/span><\/h2><\/div><div class=\"pix-el-text w-100   vc_custom_1708472684565\" ><p class=\"text-18  text-white\" >\u5728\u65af\u7279\u62c9\u8482\u4e9a\uff0c\u6211\u4eec\u968f\u65f6\u51c6\u5907\u63d0\u4f9b\u6ee1\u8db3\u60a8\u9700\u6c42\u7684\u89e3\u51b3\u65b9\u6848\u3002 \u8054\u7cfb\u6211\u4eec\uff0c\u6211\u4eec\u5c06\u7acb\u5373\u4e3a\u60a8\u63d0\u4f9b\u5e2e\u52a9\u3002<\/p><\/div><div id=\"duo-icon-7781564\" class=\"slide-in-container w-100\" ><div class=\"py-2 animate-in\" data-anim-type=\"fade-in-up\" data-anim-delay=\"0\"><div class=\"pix-feature-list text-18 justify-content-start      py-2 d-flex align-items-center\" ><i class=\"pixicon-whatsapp2 mr-2 text-gradient-primary\" ><\/i><span class=\"text-white\">449 206 59 36<\/span><\/div><div class=\"pix-feature-list text-18 justify-content-start      py-2 d-flex align-items-center\" ><i class=\"pixicon-email-1 mr-2 text-gradient-primary\" ><\/i><span class=\"text-white\">info@estratiahc.com.mx<\/span><\/div><div class=\"pix-feature-list text-18 justify-content-start      py-2 d-flex align-items-center\" ><i class=\"pixicon-map-pin-1-place-1 mr-2 text-gradient-primary\" ><\/i><span class=\"text-white\">Calzada de la Misi\u00f3n #210. Fracc. Misi\u00f3n del Campanario. C.P. 20118. Aguascalientes, Ags.<\/span><\/div><\/div><\/div><div class=\"text-primary text-left pix-social-icons font-weight-bold d-inline-block  vc_custom_1730403674714\" style=\"\"><a target=\"_blank\" href=\"https:\/\/wa.link\/0jm931\" aria-label=\"\" class=\"text-secondary animate-in d-inline-block fly-sm text-18 px-3\" data-anim-type=\"fade-in-up\" data-anim-delay=\"400\"><i class=\"pixicon-whatsapp3\" style=\"\"><\/i><\/a><a target=\"_blank\" href=\"https:\/\/www.linkedin.com\/company\/estratia-human-capitalmx\/\" aria-label=\"\" class=\"text-secondary animate-in d-inline-block fly-sm text-18 px-3\" data-anim-type=\"fade-in-up\" data-anim-delay=\"500\"><i class=\"pixicon-linkedin\" style=\"\"><\/i><\/a><a target=\"_blank\" href=\"https:\/\/www.facebook.com\/estratia%20\" aria-label=\"\" class=\"text-secondary animate-in d-inline-block fly-sm text-18 px-3\" data-anim-type=\"fade-in-up\" data-anim-delay=\"600\"><i class=\"pixicon-facebook3\" style=\"\"><\/i><\/a><\/div><\/div><\/div><\/div><div class=\"wpb_column vc_column_container vc_col-sm-6 text-left\"><div class=\"vc_column-inner\"><div class=\"wpb_wrapper\"><div class=\"pix-content-box card      vc_custom_1711565159694    rounded-lg bg- w-100\"   ><div class=\"\" style=\"z-index:30;position:relative;\"><div  class=\"pix-heading-el text-left  vc_custom_1708727236498\"><div><div class=\"slide-in-container\"><h5 class=\"text-primary font-weight-bold heading-text el-title_custom_color mb-12\" style=\"\" data-anim-type=\"\" data-anim-delay=\"0\">\u8bf7\u7ed9\u6211\u4eec\u7559\u8a00<\/h5><\/div><\/div><\/div>\n<div class=\"wpcf7 no-js\" id=\"wpcf7-f7-o1\" lang=\"es-ES\" dir=\"ltr\" data-wpcf7-id=\"7\">\n<div class=\"screen-reader-response\"><p role=\"status\" aria-live=\"polite\" aria-atomic=\"true\"><\/p> <ul><\/ul><\/div>\n<form action=\"\/zh\/wp-json\/wp\/v2\/pages\/13514#wpcf7-f7-o1\" method=\"post\" class=\"wpcf7-form init\" aria-label=\"Formulario de contacto\" novalidate=\"novalidate\" data-status=\"init\" data-trp-original-action=\"\/zh\/wp-json\/wp\/v2\/pages\/13514#wpcf7-f7-o1\">\n<div style=\"display: none;\">\n<input type=\"hidden\" name=\"_wpcf7\" value=\"7\" \/>\n<input type=\"hidden\" name=\"_wpcf7_version\" value=\"6.0.6\" \/>\n<input type=\"hidden\" name=\"_wpcf7_locale\" value=\"es_ES\" \/>\n<input type=\"hidden\" name=\"_wpcf7_unit_tag\" value=\"wpcf7-f7-o1\" \/>\n<input type=\"hidden\" name=\"_wpcf7_container_post\" value=\"0\" \/>\n<input type=\"hidden\" name=\"_wpcf7_posted_data_hash\" value=\"\" \/>\n<input type=\"hidden\" name=\"_wpcf7_recaptcha_response\" value=\"\" \/>\n<\/div>\n<div class=\"pix-contact7-form\"><div class=\"row\">\n\t<div class=\"col-lg-12 mb-3\">\n\t\t<p><span class=\"wpcf7-form-control-wrap\" data-name=\"your-name\"><input size=\"40\" maxlength=\"400\" class=\"wpcf7-form-control wpcf7-text wpcf7-validates-as-required form-control form-control-lg\" aria-required=\"true\" aria-invalid=\"false\" placeholder=\"\u59d3\u540d\" value=\"\" type=\"text\" name=\"your-name\" \/><\/span>\n\t\t<\/p>\n\t<\/div>\n<\/div>\n<div class=\"row\">\n\t<div class=\"col-lg-6 mb-3\">\n\t\t<p><span class=\"wpcf7-form-control-wrap\" data-name=\"your-email\"><input size=\"40\" maxlength=\"400\" class=\"wpcf7-form-control wpcf7-email wpcf7-validates-as-required wpcf7-text wpcf7-validates-as-email form-control form-control-lg\" aria-required=\"true\" aria-invalid=\"false\" placeholder=\"\u7535\u5b50\u90ae\u4ef6\" value=\"\" type=\"email\" name=\"your-email\" \/><\/span>\n\t\t<\/p>\n\t<\/div>\n\t<div class=\"col-lg-6 mb-3\">\n\t\t<p><span class=\"wpcf7-form-control-wrap\" data-name=\"your-tel\"><input size=\"40\" maxlength=\"400\" class=\"wpcf7-form-control wpcf7-tel wpcf7-validates-as-required wpcf7-text wpcf7-validates-as-tel form-control form-control-lg\" aria-required=\"true\" aria-invalid=\"false\" placeholder=\"WhatsApp\u804a\u5929\" value=\"\" type=\"tel\" name=\"your-tel\" \/><\/span>\n\t\t<\/p>\n\t<\/div>\n<\/div>\n<div class=\"row\">\n\t<div class=\"col-lg-12 mb-3\">\n\t\t<p><span class=\"wpcf7-form-control-wrap\" data-name=\"textarea-400\"><textarea cols=\"40\" rows=\"10\" maxlength=\"2000\" class=\"wpcf7-form-control wpcf7-textarea wpcf7-validates-as-required form-control form-control-lg\" aria-required=\"true\" aria-invalid=\"false\" placeholder=\"\u6d88\u606f\" name=\"textarea-400\"><\/textarea><\/span>\n\t\t<\/p>\n\t<\/div>\n<\/div>\n<div class=\"row\">\n\t<div class=\"col-lg-12 mb-3\">\n\t\t<p><span class=\"wpcf7-form-control-wrap\" data-name=\"checkbox-terms\"><span class=\"wpcf7-form-control wpcf7-checkbox wpcf7-exclusive-checkbox\"><span class=\"wpcf7-list-item first last\"><input type=\"checkbox\" name=\"checkbox-terms\" value=\"Acepto los\" checked=\"checked\" \/><span class=\"wpcf7-list-item-label\">\u6211\u63a5\u53d7<\/span><\/span><\/span><\/span><a href=\"#\"> \u6761\u6b3e\u548c\u6761\u4ef6<\/a>\n\t\t<\/p>\n\t<\/div>\n<\/div>\n<div class=\"row\">\n\t<div class=\"col-lg-12 text-center\">\n\t\t<p><input class=\"wpcf7-form-control wpcf7-submit has-spinner btn btn-primary text-white w-100 font-weight-bold shadow-lg btn-lg shadow-hover secondary-font\" type=\"submit\" value=\"\u53d1\u9001\" \/>\n\t\t<\/p>\n\t<\/div>\n<\/div><\/div><div class=\"wpcf7-response-output\" aria-hidden=\"true\"><\/div>\n<input type=\"hidden\" name=\"trp-form-language\" value=\"zh\"\/><\/form>\n<\/div>\n<\/div><\/div><div class=\"pix-content-box card         rounded-lg bg- text-left   d-inline-flex\"   ><div class=\"d-inline-flex\" style=\"z-index:30;position:relative;\"><div class=\"pix-el-text w-100 text-left\" ><p class=\"text-18  text-light-opacity-8 text-left font-weight-bold\" >\u5206\u4eab\u6211\u4eec\u7684\u7f51\u7ad9:<\/p><\/div><div class=\"text-primary text-left pix-social-icons font-weight-bold d-inline-block  vc_custom_1730403287166\" style=\"\"><a  href=\"https:\/\/www.linkedin.com\/company\/estratia-human-capitalmx\/\" aria-label=\"\" class=\"text-secondary animate-in d-inline-block scale text-20 px-2\" data-anim-type=\"fade-in-up\" data-anim-delay=\"400\"><i class=\"pixicon-linkedin\" style=\"\"><\/i><\/a><\/div><\/div><\/div><\/div><\/div><\/div><\/div><div class=\"vc_row-full-width vc_clearfix\"><\/div><\/section><div class=\"vc_row-full-width vc_clearfix\"><\/div><section data-vc-full-width=\"true\" data-vc-full-width-init=\"false\" class=\"vc_section vc_section_visible vc_custom_1707514509499 vc_section-has-fill vc_section-o-content-middle vc_section-flex\" data-section-name=\"\"><div class=\"vc_row wpb_row vc_row-fluid vc_row_visible vc_row-o-content-middle vc_row-flex\"><div class=\"wpb_column vc_column_container vc_col-sm-12 text-left\"><div class=\"vc_column-inner\"><div class=\"wpb_wrapper\">\n\t<div class=\"wpb_raw_code wpb_content_element wpb_raw_html\" >\n\t\t<div class=\"wpb_wrapper\">\n\t\t\t<iframe src=\"https:\/\/www.google.com\/maps\/embed?pb=!1m14!1m8!1m3!1d14804.063723962718!2d-102.3207624!3d21.933939!3m2!1i1024!2i768!4f13.1!3m3!1m2!1s0x8429efcb8110e6f5%3A0x3080587809f8df60!2sESTRATIA%20HC!5e0!3m2!1sen!2smx!4v1704307607247!5m2!1sen!2smx\" width=\"100%\" height=\"550px\" style=\"border:0;\" allowfullscreen=\"\" loading=\"lazy\" referrerpolicy=\"no-referrer-when-downgrade\"><\/iframe>\n\t\t<\/div>\n\t<\/div>\n<\/div><\/div><\/div><\/div><\/section><div class=\"vc_row-full-width vc_clearfix\"><\/div><\/section>","protected":false},"excerpt":{"rendered":"\u00a1Cont\u00e1ctanos!En Estratia estamos preparados para darle soluci\u00f3n a tus necesidades. Ponte en contacto con nosotros y te atenderemos inmediatamente.449 206 59 36info@estratiahc.com.mxCalzada de la Misi\u00f3n #210. Fracc. Misi\u00f3n del Campanario. C.P. 20118. Aguascalientes, Ags.Escr\u00edbenos tu mensaje Acepto los t\u00e9rminos y...","protected":false},"author":1,"featured_media":0,"parent":0,"menu_order":0,"comment_status":"closed","ping_status":"closed","template":"","meta":{"nf_dc_page":"","inline_featured_image":false,"footnotes":""},"class_list":["post-13514","page","type-page","status-publish","hentry"],"yoast_head":"<!-- This site is optimized with the Yoast SEO plugin v26.9 - https:\/\/yoast.com\/product\/yoast-seo-wordpress\/ -->\n<title>Contacto - Estratia<\/title>\n<meta name=\"robots\" content=\"index, follow, max-snippet:-1, max-image-preview:large, max-video-preview:-1\" \/>\n<link rel=\"canonical\" href=\"https:\/\/ymu.emg.mybluehost.me\/website_eeeaa1cf\/contacto\/\" \/>\n<meta property=\"og:locale\" content=\"zh_CN\" \/>\n<meta property=\"og:type\" content=\"article\" \/>\n<meta property=\"og:title\" content=\"Contacto - Estratia\" \/>\n<meta property=\"og:url\" content=\"https:\/\/ymu.emg.mybluehost.me\/website_eeeaa1cf\/contacto\/\" \/>\n<meta property=\"og:site_name\" content=\"Estratia\" \/>\n<meta property=\"article:modified_time\" content=\"2024-10-31T19:42:56+00:00\" \/>\n<meta name=\"twitter:card\" content=\"summary_large_image\" \/>\n<meta name=\"twitter:label1\" content=\"\u9884\u8ba1\u9605\u8bfb\u65f6\u95f4\" \/>\n\t<meta name=\"twitter:data1\" content=\"1 \u5206\" \/>\n<script type=\"application\/ld+json\" class=\"yoast-schema-graph\">{\"@context\":\"https:\/\/schema.org\",\"@graph\":[{\"@type\":\"WebPage\",\"@id\":\"https:\/\/ymu.emg.mybluehost.me\/website_eeeaa1cf\/contacto\/\",\"url\":\"https:\/\/ymu.emg.mybluehost.me\/website_eeeaa1cf\/contacto\/\",\"name\":\"Contacto - Estratia\",\"isPartOf\":{\"@id\":\"https:\/\/ymu.emg.mybluehost.me\/website_eeeaa1cf\/#website\"},\"datePublished\":\"2024-01-02T21:12:40+00:00\",\"dateModified\":\"2024-10-31T19:42:56+00:00\",\"breadcrumb\":{\"@id\":\"https:\/\/ymu.emg.mybluehost.me\/website_eeeaa1cf\/contacto\/#breadcrumb\"},\"inLanguage\":\"zh-Hans\",\"potentialAction\":[{\"@type\":\"ReadAction\",\"target\":[\"https:\/\/ymu.emg.mybluehost.me\/website_eeeaa1cf\/contacto\/\"]}]},{\"@type\":\"BreadcrumbList\",\"@id\":\"https:\/\/ymu.emg.mybluehost.me\/website_eeeaa1cf\/contacto\/#breadcrumb\",\"itemListElement\":[{\"@type\":\"ListItem\",\"position\":1,\"name\":\"Portada\",\"item\":\"https:\/\/estratiahc.com.mx\/\"},{\"@type\":\"ListItem\",\"position\":2,\"name\":\"Contacto\"}]},{\"@type\":\"WebSite\",\"@id\":\"https:\/\/ymu.emg.mybluehost.me\/website_eeeaa1cf\/#website\",\"url\":\"https:\/\/ymu.emg.mybluehost.me\/website_eeeaa1cf\/\",\"name\":\"Estratia\",\"description\":\"Human Capital\",\"potentialAction\":[{\"@type\":\"SearchAction\",\"target\":{\"@type\":\"EntryPoint\",\"urlTemplate\":\"https:\/\/ymu.emg.mybluehost.me\/website_eeeaa1cf\/?s={search_term_string}\"},\"query-input\":{\"@type\":\"PropertyValueSpecification\",\"valueRequired\":true,\"valueName\":\"search_term_string\"}}],\"inLanguage\":\"zh-Hans\"}]}<\/script>\n<!-- \/ Yoast SEO plugin. -->","yoast_head_json":{"title":"Contacto - Estratia","robots":{"index":"index","follow":"follow","max-snippet":"max-snippet:-1","max-image-preview":"max-image-preview:large","max-video-preview":"max-video-preview:-1"},"canonical":"https:\/\/ymu.emg.mybluehost.me\/website_eeeaa1cf\/contacto\/","og_locale":"zh_CN","og_type":"article","og_title":"Contacto - Estratia","og_url":"https:\/\/ymu.emg.mybluehost.me\/website_eeeaa1cf\/contacto\/","og_site_name":"Estratia","article_modified_time":"2024-10-31T19:42:56+00:00","twitter_card":"summary_large_image","twitter_misc":{"\u9884\u8ba1\u9605\u8bfb\u65f6\u95f4":"1 \u5206"},"schema":{"@context":"https:\/\/schema.org","@graph":[{"@type":"WebPage","@id":"https:\/\/ymu.emg.mybluehost.me\/website_eeeaa1cf\/contacto\/","url":"https:\/\/ymu.emg.mybluehost.me\/website_eeeaa1cf\/contacto\/","name":"Contacto - Estratia","isPartOf":{"@id":"https:\/\/ymu.emg.mybluehost.me\/website_eeeaa1cf\/#website"},"datePublished":"2024-01-02T21:12:40+00:00","dateModified":"2024-10-31T19:42:56+00:00","breadcrumb":{"@id":"https:\/\/ymu.emg.mybluehost.me\/website_eeeaa1cf\/contacto\/#breadcrumb"},"inLanguage":"zh-Hans","potentialAction":[{"@type":"ReadAction","target":["https:\/\/ymu.emg.mybluehost.me\/website_eeeaa1cf\/contacto\/"]}]},{"@type":"BreadcrumbList","@id":"https:\/\/ymu.emg.mybluehost.me\/website_eeeaa1cf\/contacto\/#breadcrumb","itemListElement":[{"@type":"ListItem","position":1,"name":"Portada","item":"https:\/\/estratiahc.com.mx\/"},{"@type":"ListItem","position":2,"name":"Contacto"}]},{"@type":"WebSite","@id":"https:\/\/ymu.emg.mybluehost.me\/website_eeeaa1cf\/#website","url":"https:\/\/ymu.emg.mybluehost.me\/website_eeeaa1cf\/","name":"Estratia","description":"Human Capital","potentialAction":[{"@type":"SearchAction","target":{"@type":"EntryPoint","urlTemplate":"https:\/\/ymu.emg.mybluehost.me\/website_eeeaa1cf\/?s={search_term_string}"},"query-input":{"@type":"PropertyValueSpecification","valueRequired":true,"valueName":"search_term_string"}}],"inLanguage":"zh-Hans"}]}},"_links":{"self":[{"href":"https:\/\/estratiahc.com.mx\/zh\/wp-json\/wp\/v2\/pages\/13514","targetHints":{"allow":["GET"]}}],"collection":[{"href":"https:\/\/estratiahc.com.mx\/zh\/wp-json\/wp\/v2\/pages"}],"about":[{"href":"https:\/\/estratiahc.com.mx\/zh\/wp-json\/wp\/v2\/types\/page"}],"author":[{"embeddable":true,"href":"https:\/\/estratiahc.com.mx\/zh\/wp-json\/wp\/v2\/users\/1"}],"replies":[{"embeddable":true,"href":"https:\/\/estratiahc.com.mx\/zh\/wp-json\/wp\/v2\/comments?post=13514"}],"version-history":[{"count":54,"href":"https:\/\/estratiahc.com.mx\/zh\/wp-json\/wp\/v2\/pages\/13514\/revisions"}],"predecessor-version":[{"id":13519,"href":"https:\/\/estratiahc.com.mx\/zh\/wp-json\/wp\/v2\/pages\/13514\/revisions\/13519"}],"wp:attachment":[{"href":"https:\/\/estratiahc.com.mx\/zh\/wp-json\/wp\/v2\/media?parent=13514"}],"curies":[{"name":"wp","href":"https:\/\/api.w.org\/{rel}","templated":true}]}}