{"id":3,"date":"2023-12-22T16:51:14","date_gmt":"2023-12-22T16:51:14","guid":{"rendered":"https:\/\/ymu.emg.mybluehost.me\/website_eeeaa1cf\/?page_id=3"},"modified":"2024-02-23T21:40:22","modified_gmt":"2024-02-23T21:40:22","slug":"aviso-de-privacidad","status":"publish","type":"page","link":"https:\/\/estratiahc.com.mx\/ja\/aviso-de-privacidad\/","title":{"rendered":"\u30d7\u30e9\u30a4\u30d0\u30b7\u30fc\u306b\u95a2\u3059\u308b\u901a\u77e5"},"content":{"rendered":"<p><strong>HRS ALLIANCE, S. DE R.L. DE C.V., <\/strong>(en adelante <strong>ESTRATIA \u00ae<\/strong>) con domicilio en Calzada de la\u00a0Misi\u00f3n #210, Fraccionamiento Misi\u00f3n del Campanario, C.P. 20118, Aguascalientes, Ags, M\u00e9xico, en\u00a0 t\u00e9rminos de la Ley Federal de Protecci\u00f3n de Datos Personales en Posesi\u00f3n de los Particulares (en adelante\u00a0 La Ley) hace constar la responsabilidad al tratamiento de sus datos personales, observando los principios\u00a0 de licitud, consentimiento, informaci\u00f3n, calidad, finalidad, lealtad, proporcionalidad y responsabilidad.\u00a0\u00a0<\/p>\n\n\n\n<p>Los datos que ser\u00e1n revelados por el Cliente tendr\u00e1n la finalidad de brindarle el servicio que el Cliente&nbsp; solicite, conocer sus necesidades de productos y servicios, atender aclaraciones, sugerencias, realizar&nbsp; cobros, emitir facturas, celebrar contratos o cualquier otro documento que soporte la relaci\u00f3n comercial&nbsp; entre <strong>ESTRATIA \u00ae <\/strong>y el Cliente. Para las finalidades se\u00f1aladas anteriormente, <strong>ESTRATIA \u00ae <\/strong>podr\u00e1&nbsp; recabar sus datos personales de las siguientes formas: cuando usted nos los proporciona directamente, a&nbsp; trav\u00e9s de redes sociales, sitios web, bolsas de trabajo de instituciones de educaci\u00f3n ya sean p\u00fablicas o&nbsp; privadas, expos o ferias de empleos, volanteo, o cuando se obtiene a trav\u00e9s de otras fuentes permitidas por&nbsp; la Ley. Los datos que obtenemos pueden ser de manera enunciativa m\u00e1s no limitativa:&nbsp;&nbsp;<\/p>\n\n\n\n<p>\u25cf Nombre. \u25cf Domicilio.&nbsp;<\/p>\n\n\n\n<p>\u25cf Tel\u00e9fono Fijo o M\u00f3vil. \u25cf RFC (en caso de facturaci\u00f3n). \u25cf Cuenta bancaria. \u25cf Correo electr\u00f3nico.&nbsp;<\/p>\n\n\n\n<p>Los Datos recabados servir\u00e1n para identificarle, ubicarle, comunicarle, contactarle, enviarle informaci\u00f3n&nbsp; y\/o solicitar mercanc\u00eda. El uso de los Datos Personales tendr\u00e1 relaci\u00f3n directa con la relaci\u00f3n comercial&nbsp; que usted tiene en su car\u00e1cter de cliente con <strong>ESTRATIA \u00ae<\/strong>. La temporalidad del manejo de los Datos&nbsp; Personales ser\u00e1 indefinida a partir de la fecha en que usted los proporcion\u00f3 a <strong>ESTRATIA \u00ae<\/strong>, hasta el&nbsp; momento en que usted decida cancelar los mismos.&nbsp;<\/p>\n\n\n\n<p><strong>ESTRATIA \u00ae <\/strong>se obliga a tratar los datos revelados por el Cliente con estricta confidencialidad en apego&nbsp; a lo estipulado en la Ley y su reglamento, aplicando las medidas de seguridad administrativas, t\u00e9cnicas y&nbsp; f\u00edsicas para evitar su da\u00f1o, p\u00e9rdida, alteraci\u00f3n, divulgaci\u00f3n o uso indebido.&nbsp;<\/p>\n\n\n\n<p>Usted tiene derecho de acceder, rectificar y cancelar sus datos personales, as\u00ed como de oponerse al&nbsp; tratamiento de los mismos o revocar el consentimiento que para tal fin nos haya otorgado, a trav\u00e9s de los&nbsp; procedimientos que hemos implementado.&nbsp;&nbsp;<\/p>\n\n\n\n<p>Los procedimientos que se han implementado para el ejercicio de dichos derechos son a trav\u00e9s de la&nbsp; presentaci\u00f3n de una solicitud por escrito en el domicilio ubicado en domicilio en Calzada de la Misi\u00f3n&nbsp; #210, Fraccionamiento Misi\u00f3n del Campanario, C.P. 20118, Aguascalientes, Ags, M\u00e9xico, en atenci\u00f3n al&nbsp; departamento de datos personales, o en su caso v\u00eda correo electr\u00f3nico a la siguiente direcci\u00f3n&nbsp; administraci\u00f3n@estratiahc.com en donde su solicitud ser\u00e1 recibida por la unidad receptora designada,&nbsp; misma que lo turnar\u00e1 al responsable de la protecci\u00f3n de los datos personales para su an\u00e1lisis y resoluci\u00f3n,&nbsp; siendo la persona encargada de dicha \u00e1rea NOMBRE DE LA PERSONA ENCARGADA. Su solicitud&nbsp; deber\u00e1 contener la siguiente informaci\u00f3n: determinar con precisi\u00f3n cu\u00e1l o cuales derechos son los que&nbsp; desea ejercer, de entre acceder, rectificar y cancelar sus datos personales, oponerse a su tratamiento y&nbsp; revocar el consentimiento otorgado para su tratamiento; tambi\u00e9n la solicitud deber\u00e1 contener los datos&nbsp; personales espec\u00edficos objeto de su solicitud, la fecha y motivo por el cual nos proporcion\u00f3 sus datos&nbsp; personales, as\u00ed como su nombre completo, su domicilio, tel\u00e9fono, correo electr\u00f3nico, y deber\u00e1 acompa\u00f1ar&nbsp; copia certificada del poder en caso de que actu\u00e9 en representaci\u00f3n de un tercero. El plazo para atender su&nbsp; solicitud es de 20 d\u00edas h\u00e1biles \u2013que corren a partir de la recepci\u00f3n de la solicitud\u2013, en el caso de que la&nbsp; solicitud sea presentada en forma clara y completa, de lo contrario, se le requerir\u00e1 dentro de los 5 d\u00edas&nbsp; h\u00e1biles siguientes a la presentaci\u00f3n de la solicitud la aclare o complete para lo cual tendr\u00e1 un t\u00e9rmino de&nbsp; 10 d\u00edas h\u00e1biles posteriores a la recepci\u00f3n de dicha solicitud de aclaraci\u00f3n; los 20 d\u00edas h\u00e1biles para contestar&nbsp; a su solicitud comenzar\u00e1n a correr desde la fecha en que contemos con la solicitud completa y clara. En el&nbsp; caso de que no recibamos la informaci\u00f3n complementaria y las aclaraciones requeridas dentro del t\u00e9rmino&nbsp; indicado, su solicitud se dar\u00e1 por no presentada para todos los efectos legales. Tanto el requerimiento de&nbsp; informaci\u00f3n aclaratoria o complementaria, como la respuesta a su solicitud se le notificar\u00e1n por correo&nbsp; electr\u00f3nico a la cuenta de correo que usted haya proporcionado dentro de la solicitud.&nbsp;<\/p>\n\n\n\n<p>En caso de duda sobre los procedimientos, requisitos y plazos, se puede poner en contacto con nuestro\u00a0 departamento de datos personales en el domicilio ubicado en el presente Aviso, o enviando sus preguntas\u00a0 o dudas a la siguiente direcci\u00f3n electr\u00f3nica: administraci\u00f3n@estratiahc.com.\u00a0<strong>HRS ALLIANCE, S. DE R.L. DE C.V. <\/strong>hace de su conocimiento que en t\u00e9rminos del art\u00edculo 37, fracci\u00f3n\u00a0 III de la Ley en menci\u00f3n, sus datos personales pueden ser transferidos dentro del Pa\u00eds a personas distintas <\/p>\n\n\n\n<p>a esta empresa. En este sentido en menci\u00f3n, su informaci\u00f3n puede ser compartida, sin su consentimiento&nbsp; \u00fanicamente a sociedades subsidiarias, filiales, afiliadas y controladoras de <strong>HRS ALLIANCE, S DE R.L.<\/strong><strong>&nbsp; <\/strong><strong>DE C.V<\/strong>., con el \u00fanico objetivo de cumplir con los fines establecidos en el p\u00e1rrafo segundo del presente&nbsp; Aviso. Nos comprometemos a no transferir su informaci\u00f3n personal a terceros distintos a los ya se\u00f1alados&nbsp; en p\u00e1rrafos anteriores sin su consentimiento, salvo las excepciones previstas en el art\u00edculo 37 de la citada&nbsp; Ley. En caso de no aprobar que su informaci\u00f3n sea transmitida a sociedades subsidiarias, filiales, afiliadas&nbsp; y controladoras de <strong>HRS ALLIANCE, S. DE R.L. DE C.V.<\/strong>, deber\u00e1 enviar un correo electr\u00f3nico en el que&nbsp; manifieste que no otorga la autorizaci\u00f3n a que se refiere este p\u00e1rrafo a la siguiente direcci\u00f3n electr\u00f3nica&nbsp; administraci\u00f3n@estratiahc.com o bien env\u00ede notificaci\u00f3n por escrito por correo certificado al&nbsp; departamento de datos personales en el domicilio se\u00f1alado en el presente Aviso.&nbsp;<\/p>\n\n\n\n<p>Si usted desea dejar de recibir mensajes por parte de <strong>ESTRATIA \u00ae <\/strong>puede solicitarlo en el domicilio&nbsp; se\u00f1alado en el Presente Aviso o en la siguiente direcci\u00f3n electr\u00f3nica: administraci\u00f3n@estratiahc.com.&nbsp;<\/p>\n\n\n\n<p>En todo momento el Cliente podr\u00e1 revocar su consentimiento otorgado para el tratamiento de sus datos&nbsp; personales a fin de que <strong>ESTRATIA \u00ae <\/strong>deje de hacer uso de los mismos. Para ello deber\u00e1 enviar un correo&nbsp; electr\u00f3nico en el que manifieste su voluntad a la siguiente direcci\u00f3n electr\u00f3nica&nbsp; administraci\u00f3n@estratiahc.com o bien env\u00ede notificaci\u00f3n por escrito por correo certificado al&nbsp; departamento de datos personales en el domicilio ya se\u00f1alado.&nbsp;<\/p>\n\n\n\n<p><strong>ESTRATIA \u00ae, <\/strong>se reserva el derecho de efectuar en cualquier momento modificaciones o actualizaciones&nbsp; al presente aviso de privacidad, atendiendo a novedades legislativas, pol\u00edticas internas o nuevos&nbsp; requerimientos para la prestaci\u00f3n y ofrecimiento de nuestros servicios. Estas modificaciones estar\u00e1n&nbsp; disponibles al p\u00fablico en la p\u00e1gina www.estratiahc.com o en su caso ser\u00e1n enviadas al correo electr\u00f3nico&nbsp; que usted ha proporcionado a <strong>ESTRATIA \u00ae<\/strong><strong>.<\/strong><strong>&nbsp;<\/strong><\/p>\n\n\n\n<p>Si usted acepta haber le\u00eddo el presente Aviso de Privacidad y no manifiesta su oposici\u00f3n para que sus datos&nbsp; personales sean tratados, se entender\u00e1 que ha otorgado su consentimiento para ello.&nbsp;&nbsp;<\/p>\n\n\n\n<p>Si considera que su derecho de protecci\u00f3n de datos personales ha sido lesionado por alguna conducta de&nbsp; nuestros empleados o de nuestras actuaciones o respuestas, o presume que en el tratamiento de sus datos&nbsp; personales existe alguna violaci\u00f3n a las disposiciones previstas en la Ley Federal de protecci\u00f3n de Datos&nbsp; Personales en Posesi\u00f3n de los Particulares, podr\u00e1 interponer la queja o denuncia correspondiente ante el&nbsp; Instituto Nacional de Transparencia, Acceso a la Informaci\u00f3n y Protecci\u00f3n de Datos Personales (INAI).&nbsp;&nbsp;<\/p>\n\n\n\n<p>Aguascalientes, Ags., Septiembre de 2023.<\/p>","protected":false},"excerpt":{"rendered":"HRS ALLIANCE, S. DE R.L. DE C.V., (en adelante ESTRATIA \u00ae) con domicilio en Calzada de la\u00a0Misi\u00f3n #210, Fraccionamiento Misi\u00f3n del Campanario, C.P. 20118, Aguascalientes, Ags, M\u00e9xico, en\u00a0 t\u00e9rminos de la Ley Federal de Protecci\u00f3n de Datos Personales en Posesi\u00f3n&#8230;","protected":false},"author":1,"featured_media":0,"parent":0,"menu_order":0,"comment_status":"closed","ping_status":"closed","template":"","meta":{"nf_dc_page":"","inline_featured_image":false,"footnotes":""},"class_list":["post-3","page","type-page","status-publish","hentry"],"yoast_head":"<!-- This site is optimized with the Yoast SEO plugin v26.9 - https:\/\/yoast.com\/product\/yoast-seo-wordpress\/ -->\n<title>Aviso de Privacidad - Estratia<\/title>\n<meta name=\"robots\" content=\"index, follow, max-snippet:-1, max-image-preview:large, max-video-preview:-1\" \/>\n<link rel=\"canonical\" href=\"https:\/\/ymu.emg.mybluehost.me\/website_eeeaa1cf\/aviso-de-privacidad\/\" \/>\n<meta property=\"og:locale\" content=\"ja_JP\" \/>\n<meta property=\"og:type\" content=\"article\" \/>\n<meta property=\"og:title\" content=\"Aviso de Privacidad - Estratia\" \/>\n<meta property=\"og:description\" content=\"HRS ALLIANCE, S. DE R.L. DE C.V., (en adelante ESTRATIA \u00ae) con domicilio en Calzada de la\u00a0Misi\u00f3n #210, Fraccionamiento Misi\u00f3n del Campanario, C.P. 20118, Aguascalientes, Ags, M\u00e9xico, en\u00a0 t\u00e9rminos de la Ley Federal de Protecci\u00f3n de Datos Personales en Posesi\u00f3n...\" \/>\n<meta property=\"og:url\" content=\"https:\/\/ymu.emg.mybluehost.me\/website_eeeaa1cf\/aviso-de-privacidad\/\" \/>\n<meta property=\"og:site_name\" content=\"Estratia\" \/>\n<meta property=\"article:modified_time\" content=\"2024-02-23T21:40:22+00:00\" \/>\n<meta name=\"twitter:card\" content=\"summary_large_image\" \/>\n<meta name=\"twitter:label1\" content=\"\u63a8\u5b9a\u8aad\u307f\u53d6\u308a\u6642\u9593\" \/>\n\t<meta name=\"twitter:data1\" content=\"7\u5206\" \/>\n<script type=\"application\/ld+json\" class=\"yoast-schema-graph\">{\"@context\":\"https:\/\/schema.org\",\"@graph\":[{\"@type\":\"WebPage\",\"@id\":\"https:\/\/ymu.emg.mybluehost.me\/website_eeeaa1cf\/aviso-de-privacidad\/\",\"url\":\"https:\/\/ymu.emg.mybluehost.me\/website_eeeaa1cf\/aviso-de-privacidad\/\",\"name\":\"Aviso de Privacidad - Estratia\",\"isPartOf\":{\"@id\":\"https:\/\/ymu.emg.mybluehost.me\/website_eeeaa1cf\/#website\"},\"datePublished\":\"2023-12-22T16:51:14+00:00\",\"dateModified\":\"2024-02-23T21:40:22+00:00\",\"breadcrumb\":{\"@id\":\"https:\/\/ymu.emg.mybluehost.me\/website_eeeaa1cf\/aviso-de-privacidad\/#breadcrumb\"},\"inLanguage\":\"ja\",\"potentialAction\":[{\"@type\":\"ReadAction\",\"target\":[\"https:\/\/ymu.emg.mybluehost.me\/website_eeeaa1cf\/aviso-de-privacidad\/\"]}]},{\"@type\":\"BreadcrumbList\",\"@id\":\"https:\/\/ymu.emg.mybluehost.me\/website_eeeaa1cf\/aviso-de-privacidad\/#breadcrumb\",\"itemListElement\":[{\"@type\":\"ListItem\",\"position\":1,\"name\":\"Portada\",\"item\":\"https:\/\/estratiahc.com.mx\/\"},{\"@type\":\"ListItem\",\"position\":2,\"name\":\"Aviso de Privacidad\"}]},{\"@type\":\"WebSite\",\"@id\":\"https:\/\/ymu.emg.mybluehost.me\/website_eeeaa1cf\/#website\",\"url\":\"https:\/\/ymu.emg.mybluehost.me\/website_eeeaa1cf\/\",\"name\":\"Estratia\",\"description\":\"Human Capital\",\"potentialAction\":[{\"@type\":\"SearchAction\",\"target\":{\"@type\":\"EntryPoint\",\"urlTemplate\":\"https:\/\/ymu.emg.mybluehost.me\/website_eeeaa1cf\/?s={search_term_string}\"},\"query-input\":{\"@type\":\"PropertyValueSpecification\",\"valueRequired\":true,\"valueName\":\"search_term_string\"}}],\"inLanguage\":\"ja\"}]}<\/script>\n<!-- \/ Yoast SEO plugin. -->","yoast_head_json":{"title":"Aviso de Privacidad - Estratia","robots":{"index":"index","follow":"follow","max-snippet":"max-snippet:-1","max-image-preview":"max-image-preview:large","max-video-preview":"max-video-preview:-1"},"canonical":"https:\/\/ymu.emg.mybluehost.me\/website_eeeaa1cf\/aviso-de-privacidad\/","og_locale":"ja_JP","og_type":"article","og_title":"Aviso de Privacidad - Estratia","og_description":"HRS ALLIANCE, S. DE R.L. DE C.V., (en adelante ESTRATIA \u00ae) con domicilio en Calzada de la\u00a0Misi\u00f3n #210, Fraccionamiento Misi\u00f3n del Campanario, C.P. 20118, Aguascalientes, Ags, M\u00e9xico, en\u00a0 t\u00e9rminos de la Ley Federal de Protecci\u00f3n de Datos Personales en Posesi\u00f3n...","og_url":"https:\/\/ymu.emg.mybluehost.me\/website_eeeaa1cf\/aviso-de-privacidad\/","og_site_name":"Estratia","article_modified_time":"2024-02-23T21:40:22+00:00","twitter_card":"summary_large_image","twitter_misc":{"\u63a8\u5b9a\u8aad\u307f\u53d6\u308a\u6642\u9593":"7\u5206"},"schema":{"@context":"https:\/\/schema.org","@graph":[{"@type":"WebPage","@id":"https:\/\/ymu.emg.mybluehost.me\/website_eeeaa1cf\/aviso-de-privacidad\/","url":"https:\/\/ymu.emg.mybluehost.me\/website_eeeaa1cf\/aviso-de-privacidad\/","name":"Aviso de Privacidad - Estratia","isPartOf":{"@id":"https:\/\/ymu.emg.mybluehost.me\/website_eeeaa1cf\/#website"},"datePublished":"2023-12-22T16:51:14+00:00","dateModified":"2024-02-23T21:40:22+00:00","breadcrumb":{"@id":"https:\/\/ymu.emg.mybluehost.me\/website_eeeaa1cf\/aviso-de-privacidad\/#breadcrumb"},"inLanguage":"ja","potentialAction":[{"@type":"ReadAction","target":["https:\/\/ymu.emg.mybluehost.me\/website_eeeaa1cf\/aviso-de-privacidad\/"]}]},{"@type":"BreadcrumbList","@id":"https:\/\/ymu.emg.mybluehost.me\/website_eeeaa1cf\/aviso-de-privacidad\/#breadcrumb","itemListElement":[{"@type":"ListItem","position":1,"name":"Portada","item":"https:\/\/estratiahc.com.mx\/"},{"@type":"ListItem","position":2,"name":"Aviso de Privacidad"}]},{"@type":"WebSite","@id":"https:\/\/ymu.emg.mybluehost.me\/website_eeeaa1cf\/#website","url":"https:\/\/ymu.emg.mybluehost.me\/website_eeeaa1cf\/","name":"Estratia","description":"Human Capital","potentialAction":[{"@type":"SearchAction","target":{"@type":"EntryPoint","urlTemplate":"https:\/\/ymu.emg.mybluehost.me\/website_eeeaa1cf\/?s={search_term_string}"},"query-input":{"@type":"PropertyValueSpecification","valueRequired":true,"valueName":"search_term_string"}}],"inLanguage":"ja"}]}},"_links":{"self":[{"href":"https:\/\/estratiahc.com.mx\/ja\/wp-json\/wp\/v2\/pages\/3","targetHints":{"allow":["GET"]}}],"collection":[{"href":"https:\/\/estratiahc.com.mx\/ja\/wp-json\/wp\/v2\/pages"}],"about":[{"href":"https:\/\/estratiahc.com.mx\/ja\/wp-json\/wp\/v2\/types\/page"}],"author":[{"embeddable":true,"href":"https:\/\/estratiahc.com.mx\/ja\/wp-json\/wp\/v2\/users\/1"}],"replies":[{"embeddable":true,"href":"https:\/\/estratiahc.com.mx\/ja\/wp-json\/wp\/v2\/comments?post=3"}],"version-history":[{"count":4,"href":"https:\/\/estratiahc.com.mx\/ja\/wp-json\/wp\/v2\/pages\/3\/revisions"}],"predecessor-version":[{"id":14120,"href":"https:\/\/estratiahc.com.mx\/ja\/wp-json\/wp\/v2\/pages\/3\/revisions\/14120"}],"wp:attachment":[{"href":"https:\/\/estratiahc.com.mx\/ja\/wp-json\/wp\/v2\/media?parent=3"}],"curies":[{"name":"wp","href":"https:\/\/api.w.org\/{rel}","templated":true}]}}