{"id":13822,"date":"2024-02-01T16:30:57","date_gmt":"2024-02-01T16:30:57","guid":{"rendered":"https:\/\/ymu.emg.mybluehost.me\/website_eeeaa1cf\/?page_id=13822"},"modified":"2024-06-20T16:57:46","modified_gmt":"2024-06-20T16:57:46","slug":"headhunting","status":"publish","type":"page","link":"https:\/\/estratiahc.com.mx\/ja\/headhunting\/","title":{"rendered":"\u30d8\u30c3\u30c9\u30cf\u30f3\u30c6\u30a3\u30f3\u30b0"},"content":{"rendered":"<section class=\"wpb-content-wrapper\"><section data-vc-full-width=\"true\" data-vc-full-width-init=\"false\" class=\"vc_section vc_section_visible vc_custom_1718236993866 vc_row-o-full-height vc_section-o-content-middle vc_section-flex\" data-section-name=\"\"><div data-vc-full-width=\"true\" data-vc-full-width-init=\"false\" class=\"vc_row wpb_row vc_row-fluid vc_row_visible custom-responsive-41468850 vc_custom_1710368120420 vc_column-gap-25 vc_row-o-content-middle vc_row-flex\"><div class=\"wpb_column vc_column_container vc_col-sm-3\/5 text-left\"><div class=\"vc_column-inner\"><div class=\"wpb_wrapper\"><div id=\"el1708621926348-a9e83dbd-d476\" class=\"mb-3 text-left\"><h1 class=\"mb-32 pix-sliding-headline-2 animate-in font-weight-bold secondary-font\" data-anim-type=\"pix-sliding-text\" pix-anim-delay=\"500\" data-class=\"secondary-font text-primary\" style=\"\"><span class=\"slide-in-container\"><span class=\"pix-sliding-item secondary-font text-primary\" style=\"transition-delay: 0ms;\">\u52b9\u679c\u7684\u306a\u30d8<\/span><\/span> <span class=\"slide-in-container\"><span class=\"pix-sliding-item secondary-font text-primary\" style=\"transition-delay: 150ms;\">\u30c3\u30c9\u30cf\u30f3\u30c6\u30a3\u30f3\u30b0<\/span><\/span> <\/h1><\/div><div id=\"el1705944504105-3cdddc6e-0d1b\" class=\"pix-el-text   w-100\" ><p class=\"\"><p class=\"translation-block\">\u3042\u306a\u305f\u306e\u4f1a\u793e\u304c\u3001\u5353\u8d8a\u3057\u305f\u7d4c\u55b6\u9663\u3067\u69cb\u6210\u3055\u308c\u3066\u3044\u308b\u3068\u60f3\u50cf\u3057\u3066\u307f\u3066\u304f\u3060\u3055\u3044\u3002\u305d\u306e\u7d4c\u55b6\u9663\u306f\u3001\u5148\u898b\u306e\u660e\u306e\u3042\u308b\u30ea\u30fc\u30c0\u30fc\u3001\u5353\u8d8a\u3057\u305f\u6226\u7565\u5bb6\u3001\u305d\u3057\u3066\u65ad\u56fa\u305f\u308b\u5b9f\u884c\u8005\u3067\u69cb\u6210\u3055\u308c\u3066\u3044\u307e\u3059\u3002<\/p>\n<p><b>\u305d\u306e\u5922\u306f\u3001\u5f53\u793e\u306e\u8a8d\u5b9a\u3055\u308c\u305f\u30d8\u30c3\u30c9\u30cf\u30f3\u30c6\u30a3\u30f3\u30b0\u30b5\u30fc\u30d3\u30b9\u3092\u3054\u5229\u7528\u3044\u305f\u3060\u304f\u3053\u3068\u3067\u3001\u304a\u5ba2\u69d8\u306e\u4f1a\u793e\u306e\u6642\u9593\u3001\u72b6\u6cc1\u3001\u72b6\u6cc1\u3001\u307e\u305f\u306f\u30da\u30fc\u30b9\u306b\u95a2\u308f\u3089\u305a\u3001\u73fe\u5b9f\u306e\u3082\u306e\u3068\u3059\u308b\u3053\u3068\u304c\u3067\u304d\u307e\u3059\u3002 <\/b><span style=\"font-weight: 400;\">.\u00a0<\/span><\/p>\n<\/p><\/div><div class=\"pix-el-text w-100   vc_custom_1718229087236\" ><p class=\"text-sm  text-primary  font-weight-bold\" >\u30b3\u30b9\u30c8\u524a\u6e1b\u3068\u4eba\u6750\u306e\u5b9a\u7740\u7387\u5411\u4e0a\u306b\u8ca2\u732e\u3067\u304d\u308b\u30bd\u30ea\u30e5\u30fc\u30b7\u30e7\u30f3\u3092\u63d0\u4f9b\u3059\u308b\u3053\u3068\u3092\u304a\u7d04\u675f\u3057\u307e\u3059\u3002\r\n<\/p><\/div><a id=\"boton-lap01\" href=\"https:\/\/estratiahc.com.mx\/ja\/contacto\/\" class=\"btn mb-2    vc_custom_1718236742184  btn-secondary d-inline-block     btn-rounded btn-lg\"     ><span class=\"font-weight-bold\" >\u304a\u554f\u3044\u5408\u308f\u305b<\/span><\/a><a id=\"boton-lap02\" href=\"https:\/\/estratiahc.com.mx\/ja\/vacantes-activas\/\" class=\"btn mb-2    vc_custom_1710531283555  btn-blue d-inline-block     btn-rounded btn-md\"     ><span class=\"font-weight-bold\" >\u6c42\u4eba\u60c5\u5831<\/span><\/a><\/div><\/div><\/div><div class=\"wpb_column vc_column_container vc_col-sm-2\/5 text-left\"><div class=\"vc_column-inner  vc_custom_1604715604745\"><div class=\"wpb_wrapper\"><div class=\"d-inline-block\" ><div class=\"animate-in  d-inline-block\" data-anim-type=\"fade-in-right\" data-anim-delay=\"0\"><div class=\"pix-img-el    text-center d-inline-block  w-100 rounded-0\"  ><img loading=\"lazy\" decoding=\"async\" class=\"card-img2 pix-img-elem rounded-0  h-1002\" style=\"height:auto;\" width=\"757\" height=\"800\" srcset=\"https:\/\/estratiahc.com.mx\/wp-content\/uploads\/2024\/02\/Estratia-contacto-1.png 757w, https:\/\/estratiahc.com.mx\/wp-content\/uploads\/2024\/02\/Estratia-contacto-1-284x300.png 284w, https:\/\/estratiahc.com.mx\/wp-content\/uploads\/2024\/02\/Estratia-contacto-1-11x12.png 11w\" sizes=\"auto, (max-width: 757px) 100vw, 757px\" src=\"https:\/\/estratiahc.com.mx\/wp-content\/uploads\/2024\/02\/Estratia-contacto-1.png\" alt=\"\" \/><\/div><\/div><\/div><div class=\"vc_row wpb_row vc_inner vc_row-fluid vc_column-gap-25\"><div class=\"wpb_column vc_column_container vc_col-sm-6 vc_col-xs-2 text-center\"><div class=\"vc_column-inner vc_custom_1710538660667\"><div class=\"wpb_wrapper\"><a id=\"boton-cel01\" href=\"https:\/\/estratiahc.com.mx\/ja\/contacto\/\" class=\"btn mb-2    vc_custom_1710538364555  btn-secondary d-inline-block     btn-rounded btn-normal\"     ><span class=\"font-weight-bold\" >\u304a\u554f\u3044\u5408\u308f\u305b<\/span><\/a><\/div><\/div><\/div><div class=\"wpb_column vc_column_container vc_col-sm-6 vc_col-xs-2 text-center\"><div class=\"vc_column-inner vc_custom_1710538673632\"><div class=\"wpb_wrapper\"><a id=\"boton-cel02\" href=\"https:\/\/estratiahc.com.mx\/ja\/vacantes-activas\/\" class=\"btn mb-2    vc_custom_1710538503164  btn-blue d-inline-block     btn-rounded btn-normal\"     ><span class=\"font-weight-bold\" >\u6c42\u4eba\u60c5\u5831<\/span><\/a><\/div><\/div><\/div><\/div><\/div><\/div><\/div><\/div><div class=\"vc_row-full-width vc_clearfix\"><\/div><\/section><div class=\"vc_row-full-width vc_clearfix\"><\/div><section data-vc-full-width=\"true\" data-vc-full-width-init=\"false\" class=\"vc_section vc_section_visible custom-responsive-139083506 vc_custom_1718236970702 vc_section-has-fill vc_section-o-content-middle vc_section-flex\" data-section-name=\"\"><div class=\"pix-divider pix-top-divider\" data-style=\"style-24\" style=\"top:-1px;\"><svg xmlns=\"http:\/\/www.w3.org\/2000\/svg\" width=\"100%\"  viewbox=\"0 0 300 130\" preserveaspectratio=\"none\"><g fill=\"#ffffff\"  ><polygon points=\"0 109.769452 300 49.8270893 300 130 0 130\"><\/polygon><\/g><g class=\"animate-in\" data-anim-type=\"fade-in-up\" data-anim-delay=\"300\"><g fill=\"url(#divider-78804-top-overlay-layer-1)\" transform=\"translate(0.0, 49.83)\"><polygon points=\"87.319394 25.82088 87.375 42.5187032 71.812 45.62088 71.8127561 62.3221129 0 77.0678507 0 76.6446398 71.4373125 62.0149568 71.437 45.69588 0 59.9394524 0 43.2679827\"><\/polygon><polygon points=\"256.3125 8.72 300 2.1931479e-17 300 16.5748991 256.3125 25.2852738\"><\/polygon><\/g><\/g><defs><lineargradient id=\"divider-78804-top-overlay-layer-1\" x1=\"0%\" y1=\"0%\" x2=\"100%\" y2=\"0%\"><stop offset=\"0%\"   stop-color=\"rgba(255,255,255,0.6)\"\/><stop offset=\"100%\"   stop-color=\"#e9ecef\"\/><\/lineargradient><\/defs><\/svg><\/div><div class=\"pix-divider pix-bottom-divider\" data-style=\"style-9\" style=\"bottom:-1px;\"><svg xmlns=\"http:\/\/www.w3.org\/2000\/svg\" width=\"100%\"  viewbox=\"0 0 1200 286\" preserveaspectratio=\"none\"><polygon fill=\"#f8f9fa\" points=\"0 280 1200 40 1200 286 0 286\"\/><defs><\/defs><\/svg><\/div><div class=\"vc_row wpb_row vc_row-fluid vc_row_visible vc_custom_1718233101603 vc_row-o-content-middle vc_row-flex\"><div class=\"wpb_column vc_column_container vc_col-sm-12 text-left\"><div class=\"vc_column-inner  vc_custom_1591423889114\"><div class=\"wpb_wrapper\"><div class=\"vc_row wpb_row vc_inner vc_row-fluid\"><div class=\"wpb_column vc_column_container vc_col-sm-6 text-left\"><div class=\"vc_column-inner vc_custom_1718233562287\"><div class=\"wpb_wrapper\"><div id=\"1604713815670-5c08efd0-d6d0\" class=\"pix-feature-el text-left  vc_custom_1718643194579\"><div class=\"d-inline-block animate-in\" data-anim-type=\"fade-in-up\" data-anim-delay=\"100\" style=\"position:relative;text-align:center;\"><i style=\"display:inline-block;font-size:30px;line-height:30px;\" class=\"text-primary align-middle pixicon-check-square-2\"><\/i><\/div><h5 class=\"font-weight-bold  secondary-font text-heading-default animate-in\" style=\"padding-top:30px;\" data-anim-type=\"fade-in-up\" data-anim-delay=\"200\">\u30d7\u30ed\u30d5\u30a3\u30fc\u30eb\u8abf\u67fb\u3068\u4f5c\u6210<\/h5><div class=\"text-body-default      animate-in\" style=\"padding-top:10px;\" data-anim-type=\"fade-in-up\" data-anim-delay=\"300\">\u8cb4\u793e\u306e\u4eba\u4e8b\u30d3\u30b8\u30cd\u30b9\u30d1\u30fc\u30c8\u30ca\u30fc\uff08HRBP\uff09\u307e\u305f\u306f\u4eba\u4e8b\u90e8\u9577\u3068\u5354\u529b\u3057\u3001\u8077\u52d9\u306e\u30cb\u30fc\u30ba\u3068\u7406\u60f3\u7684\u306a\u5019\u88dc\u8005\u306e\u7279\u5fb4\u3092\u6df1\u304f\u7406\u89e3\u3057\u307e\u3059\u3002<\/div><\/div><div id=\"1604713815793-74a4e7f9-e85f\" class=\"pix-feature-el text-left  vc_custom_1718643225488\"><div class=\"d-inline-block animate-in\" data-anim-type=\"fade-in-up\" data-anim-delay=\"300\" style=\"position:relative;text-align:center;\"><i style=\"display:inline-block;font-size:30px;line-height:30px;\" class=\"text-primary align-middle pixicon-laptop-3\"><\/i><\/div><h5 class=\"font-weight-bold  secondary-font text-heading-default animate-in\" style=\"padding-top:30px;\" data-anim-type=\"fade-in-up\" data-anim-delay=\"400\">\u7dcf\u5408\u7684\u306a\u8a55\u4fa1<\/h5><div class=\"text-body-default      animate-in\" style=\"padding-top:10px;\" data-anim-type=\"fade-in-up\" data-anim-delay=\"500\">\u5404\u5019\u88dc\u8005\u306e\u30b9\u30ad\u30eb\u3001\u7d4c\u9a13\u3001\u6587\u5316\u7684\u9069\u5408\u6027\u3092\u8a55\u4fa1\u3059\u308b\u305f\u3081\u306b\u3001\u5fc3\u7406\u6e2c\u5b9a\u30c6\u30b9\u30c8\u3092\u5b9f\u65bd\u3057\u3001\u5fb9\u5e95\u7684\u306a\u9762\u63a5\u3092\u884c\u3044\u307e\u3059\u3002<\/div><\/div><\/div><\/div><\/div><div class=\"wpb_column vc_column_container vc_col-sm-6 text-left\"><div class=\"vc_column-inner\"><div class=\"wpb_wrapper\"><div id=\"1718642163457-979e5dc7-68bc\" class=\"pix-feature-el text-left  vc_custom_1718643234788\"><div class=\"d-inline-block animate-in\" data-anim-type=\"fade-in-up\" data-anim-delay=\"200\" style=\"position:relative;text-align:center;\"><i style=\"display:inline-block;font-size:30px;line-height:30px;\" class=\"text-primary align-middle pixicon-user-female-search\"><\/i><\/div><h5 class=\"font-weight-bold  secondary-font text-heading-default animate-in\" style=\"padding-top:30px;\" data-anim-type=\"fade-in-up\" data-anim-delay=\"300\">\u63a2\u7d22\u3068\u9078\u8003<\/h5><div class=\"text-body-default      animate-in\" style=\"padding-top:10px;\" data-anim-type=\"fade-in-up\" data-anim-delay=\"400\">\u79c1\u305f\u3061\u306f\u3001\u7a4d\u6975\u7684\u306b\u65b0\u3057\u3044\u4ed5\u4e8b\u3092\u63a2\u3057\u3066\u3044\u306a\u3044\u4eba\u6750\u3082\u542b\u3081\u3001\u6700\u9ad8\u306e\u624d\u80fd\u3092\u898b\u3064\u3051\u308b\u3053\u3068\u306b\u91cd\u70b9\u3092\u7f6e\u3044\u3066\u3044\u307e\u3059\u3002<\/div><\/div><div id=\"1718230315213-27ed0322-7c63\" class=\"pix-feature-el text-left  vc_custom_1718643397567\"><div class=\"d-inline-block animate-in\" data-anim-type=\"fade-in-up\" data-anim-delay=\"100\" style=\"position:relative;text-align:center;\"><i style=\"display:inline-block;font-size:30px;line-height:30px;\" class=\"text-primary align-middle pixicon-user-male-check-2\"><\/i><\/div><h5 class=\"font-weight-bold  secondary-font text-heading-default animate-in\" style=\"padding-top:30px;\" data-anim-type=\"fade-in-up\" data-anim-delay=\"200\">\u8cc7\u683c\u306e\u3042\u308b\u5019\u88dc\u8005\u306e\u7d39\u4ecb<\/h5><div class=\"text-body-default      animate-in\" style=\"padding-top:10px;\" data-anim-type=\"fade-in-up\" data-anim-delay=\"300\">\u8077\u52d9\u8981\u4ef6\u3068\u4f01\u696d\u6587\u5316\u306b\u5408\u81f4\u3059\u308b\u4e0a\u4f4d3\u540d\u306e\u5019\u88dc\u8005\u3092\u3054\u7d39\u4ecb\u3057\u307e\u3059\u3002<\/div><\/div><\/div><\/div><\/div><\/div><div class=\"vc_row wpb_row vc_inner vc_row-fluid vc_custom_1718233220184\"><div class=\"wpb_column vc_column_container vc_col-sm-4 text-left\"><div class=\"vc_column-inner\"><div class=\"wpb_wrapper\"><\/div><\/div><\/div><div class=\"wpb_column vc_column_container vc_col-sm-4 text-left\"><div class=\"vc_column-inner\"><div class=\"wpb_wrapper\"><div id=\"1718230315265-b55c0c46-f477\" class=\"pix-feature-el text-left  vc_custom_1718643260162\"><div class=\"d-inline-block animate-in\" data-anim-type=\"fade-in-up\" data-anim-delay=\"300\" style=\"position:relative;text-align:center;\"><i style=\"display:inline-block;font-size:30px;line-height:30px;\" class=\"text-primary align-middle pixicon-msg-check-1\"><\/i><\/div><h5 class=\"font-weight-bold  secondary-font text-heading-default animate-in\" style=\"padding-top:30px;\" data-anim-type=\"fade-in-up\" data-anim-delay=\"400\">\u63a1\u7528\u30d7\u30ed\u30bb\u30b9\u4e2d\u306e\u30b5\u30dd\u30fc\u30c8<\/h5><div class=\"text-body-default      animate-in\" style=\"padding-top:10px;\" data-anim-type=\"fade-in-up\" data-anim-delay=\"500\">\u6700\u7d42\u9078\u8003\u304b\u3089\u65b0\u5165\u793e\u54e1\u306e\u5165\u793e\u307e\u3067\u3001\u63a1\u7528\u30d7\u30ed\u30bb\u30b9\u5168\u4f53\u3092\u901a\u3057\u3066\u30a2\u30c9\u30d0\u30a4\u30b9\u3068\u30b5\u30dd\u30fc\u30c8\u3092\u63d0\u4f9b\u3057\u307e\u3059\u3002<\/div><\/div><\/div><\/div><\/div><div class=\"wpb_column vc_column_container vc_col-sm-4 text-left\"><div class=\"vc_column-inner\"><div class=\"wpb_wrapper\"><\/div><\/div><\/div><\/div><\/div><\/div><\/div><\/div><div data-vc-full-width=\"true\" data-vc-full-width-init=\"false\" class=\"vc_row wpb_row vc_row-fluid vc_row_visible vc_custom_1718235403531 vc_column-gap-35 vc_row-o-content-middle vc_row-flex\"><div class=\"wpb_animate_when_almost_visible wpb_fadeInLeft fadeInLeft wpb_column vc_column_container vc_col-sm-6 text-left\"><div class=\"vc_column-inner custom-responsive-184110053 vc_custom_1718902642902\"><div class=\"wpb_wrapper\"><div class=\"d-inline-block\" ><div class=\"pix-img-el    text-left d-inline-block  w-100 rounded\"  ><img loading=\"lazy\" decoding=\"async\" class=\"card-img2 pix-img-elem rounded  h-1002\" style=\"height:auto;\" width=\"1140\" height=\"1710\" srcset=\"https:\/\/estratiahc.com.mx\/wp-content\/uploads\/2024\/06\/FachadaVertical-1.jpeg 1140w, https:\/\/estratiahc.com.mx\/wp-content\/uploads\/2024\/06\/FachadaVertical-1-200x300.jpeg 200w, https:\/\/estratiahc.com.mx\/wp-content\/uploads\/2024\/06\/FachadaVertical-1-683x1024.jpeg 683w, https:\/\/estratiahc.com.mx\/wp-content\/uploads\/2024\/06\/FachadaVertical-1-768x1152.jpeg 768w, https:\/\/estratiahc.com.mx\/wp-content\/uploads\/2024\/06\/FachadaVertical-1-1024x1536.jpeg 1024w, https:\/\/estratiahc.com.mx\/wp-content\/uploads\/2024\/06\/FachadaVertical-1-8x12.jpeg 8w\" sizes=\"auto, (max-width: 1140px) 100vw, 1140px\" src=\"https:\/\/estratiahc.com.mx\/wp-content\/uploads\/2024\/06\/FachadaVertical-1.jpeg\" alt=\"\" \/><\/div><\/div><\/div><\/div><\/div><div class=\"wpb_column vc_column_container vc_col-sm-6 text-left\"><div class=\"vc_column-inner\"><div class=\"wpb_wrapper\"><div id=\"el1705944504107-3713250d-9966\" class=\"pix-el-text   w-100   vc_custom_1718236466968\" ><p class=\"\"><p><span style=\"color: #4d6aad;\"><strong>Estratia \u3067\u306f\u3001\u4ee5\u4e0b\u306e\u70b9\u3092\u9075\u5b88\u3057\u3001\u4f01\u696d\u306b\u5305\u62ec\u7684\u306a\u30d8\u30c3\u30c9\u30cf\u30f3\u30c6\u30a3\u30f3\u30b0\u30b5\u30fc\u30d3\u30b9\u3092\u63d0\u4f9b\u3059\u308b\u3053\u3068\u3092\u8003\u3048\u3066\u3044\u307e\u3059\u3002<\/strong><\/span><\/p>\n<p><b>\u6a5f\u5bc6\u6027\u3068\u614e\u91cd\u3055<\/b><span style=\"font-weight: 400;\"> \u6a5f\u5bc6\u60c5\u5831\u3092\u614e\u91cd\u306b\u6271\u3044\u3001\u4f01\u696d\u306e\u8a55\u5224\u3092\u4fdd\u8b77\u3059\u308b\u80fd\u529b\u304c\u3042\u308a\u307e\u3059\u3002<\/span><\/p>\n<p><b>\u516c\u5e73\u6027\u3068\u5ba2\u89b3\u6027<\/b><span style=\"font-weight: 400;\"> \u5f53\u793e\u306b\u3054\u4f9d\u983c\u3044\u305f\u3060\u304f\u3053\u3068\u3067\u3001\u63a1\u7528\u6c7a\u5b9a\u306b\u5f71\u97ff\u3092\u4e0e\u3048\u308b\u53ef\u80fd\u6027\u306e\u3042\u308b\u793e\u5185\u30d0\u30a4\u30a2\u30b9\u306f\u4e00\u5207\u5b58\u5728\u3057\u307e\u305b\u3093\u3002<\/span><\/p>\n<p class=\"translation-block\">\u5e02\u5834\u306e\u77e5\u8b58\uff1a\u79c1\u305f\u3061\u306f\u5e02\u5834\u52d5\u5411\u3068C\u30ec\u30d9\u30eb\u306e\u5f79\u8077\u306e\u7d66\u4e0e\u306b\u3064\u3044\u3066\u5e38\u306b\u6700\u65b0\u306e\u60c5\u5831\u3092\u628a\u63e1\u3057\u3066\u3044\u307e\u3059\u3002\u8cb4\u793e\u304c\u7af6\u4e89\u529b\u3092\u7dad\u6301\u3067\u304d\u308b\u3088\u3046\u3001\u52b4\u50cd\u6761\u4ef6\u306b\u3064\u3044\u3066\u3082\u3054\u6848\u5185\u3057\u307e\u3059\u3002\u3042\u308b\u3044\u306f\u3001\u6700\u9ad8\u306e\u5019\u88dc\u8005\u3092\u5f15\u304d\u4ed8\u3051\u308b\u305f\u3081\u306e\u5831\u916c\u30fb\u798f\u5229\u539a\u751f\u306e\u30bf\u30d6\u30ec\u30fc\u30bf\u30fc\u30b5\u30fc\u30d3\u30b9\u3082\u63d0\u4f9b\u3057\u3066\u3044\u307e\u3059\u3002<\/p>\n<p><b>\u5b9a\u7740\u4fdd\u8a3c <\/b><span style=\"font-weight: 400;\">\u671f\u5f85\u306b\u5fdc\u3048\u3089\u308c\u306a\u304b\u3063\u305f\u5834\u5408\u306b\u5099\u3048\u3001\u6b20\u54e1\u3092\u88dc\u5145\u3059\u308b\u305f\u3081\u306e\u5019\u88dc\u8005\u306e\u5b9a\u7740\u4fdd\u8a3c\u3092\u63d0\u4f9b\u3057\u307e\u3059\u3002\u00a0<\/span><\/p>\n<\/p><\/div><a  href=\"https:\/\/estratiahc.com.mx\/ja\/contacto\/\" class=\"btn mb-2     btn-secondary d-inline-block     btn-rounded btn-lg\"     ><span class=\"font-weight-bold\" >\u304a\u554f\u3044\u5408\u308f\u305b<\/span><\/a><\/div><\/div><\/div><\/div><div class=\"vc_row-full-width vc_clearfix\"><\/div><\/section><div class=\"vc_row-full-width vc_clearfix\"><\/div><\/section>","protected":false},"excerpt":{"rendered":"Headhunting&#32; Efectivo&#32; Imagina a tu empresa compuesta por un equipo ejecutivo excepcional, compuesto por l\u00edderes visionarios, estrategas brillantes y ejecutores implacables. Ese sue\u00f1o puede ser tu realidad con nuestro servicio certificado de headhunting sea cual sea el tiempo, momento, situaci\u00f3n...","protected":false},"author":1,"featured_media":0,"parent":0,"menu_order":0,"comment_status":"closed","ping_status":"closed","template":"","meta":{"nf_dc_page":"","inline_featured_image":false,"footnotes":""},"class_list":["post-13822","page","type-page","status-publish","hentry"],"yoast_head":"<!-- This site is optimized with the Yoast SEO plugin v26.9 - https:\/\/yoast.com\/product\/yoast-seo-wordpress\/ -->\n<title>Headhunting - Estratia<\/title>\n<meta name=\"robots\" content=\"index, follow, max-snippet:-1, max-image-preview:large, max-video-preview:-1\" \/>\n<link rel=\"canonical\" href=\"https:\/\/ymu.emg.mybluehost.me\/website_eeeaa1cf\/headhunting\/\" \/>\n<meta property=\"og:locale\" content=\"ja_JP\" \/>\n<meta property=\"og:type\" content=\"article\" \/>\n<meta property=\"og:title\" content=\"Headhunting - Estratia\" \/>\n<meta property=\"og:url\" content=\"https:\/\/ymu.emg.mybluehost.me\/website_eeeaa1cf\/headhunting\/\" \/>\n<meta property=\"og:site_name\" content=\"Estratia\" \/>\n<meta property=\"article:modified_time\" content=\"2024-06-20T16:57:46+00:00\" \/>\n<meta name=\"twitter:card\" content=\"summary_large_image\" \/>\n<meta name=\"twitter:label1\" content=\"\u63a8\u5b9a\u8aad\u307f\u53d6\u308a\u6642\u9593\" \/>\n\t<meta name=\"twitter:data1\" content=\"3\u5206\" \/>\n<script type=\"application\/ld+json\" class=\"yoast-schema-graph\">{\"@context\":\"https:\/\/schema.org\",\"@graph\":[{\"@type\":\"WebPage\",\"@id\":\"https:\/\/ymu.emg.mybluehost.me\/website_eeeaa1cf\/headhunting\/\",\"url\":\"https:\/\/ymu.emg.mybluehost.me\/website_eeeaa1cf\/headhunting\/\",\"name\":\"Headhunting - Estratia\",\"isPartOf\":{\"@id\":\"https:\/\/ymu.emg.mybluehost.me\/website_eeeaa1cf\/#website\"},\"datePublished\":\"2024-02-01T16:30:57+00:00\",\"dateModified\":\"2024-06-20T16:57:46+00:00\",\"breadcrumb\":{\"@id\":\"https:\/\/ymu.emg.mybluehost.me\/website_eeeaa1cf\/headhunting\/#breadcrumb\"},\"inLanguage\":\"ja\",\"potentialAction\":[{\"@type\":\"ReadAction\",\"target\":[\"https:\/\/ymu.emg.mybluehost.me\/website_eeeaa1cf\/headhunting\/\"]}]},{\"@type\":\"BreadcrumbList\",\"@id\":\"https:\/\/ymu.emg.mybluehost.me\/website_eeeaa1cf\/headhunting\/#breadcrumb\",\"itemListElement\":[{\"@type\":\"ListItem\",\"position\":1,\"name\":\"Portada\",\"item\":\"https:\/\/estratiahc.com.mx\/\"},{\"@type\":\"ListItem\",\"position\":2,\"name\":\"Headhunting\"}]},{\"@type\":\"WebSite\",\"@id\":\"https:\/\/ymu.emg.mybluehost.me\/website_eeeaa1cf\/#website\",\"url\":\"https:\/\/ymu.emg.mybluehost.me\/website_eeeaa1cf\/\",\"name\":\"Estratia\",\"description\":\"Human Capital\",\"potentialAction\":[{\"@type\":\"SearchAction\",\"target\":{\"@type\":\"EntryPoint\",\"urlTemplate\":\"https:\/\/ymu.emg.mybluehost.me\/website_eeeaa1cf\/?s={search_term_string}\"},\"query-input\":{\"@type\":\"PropertyValueSpecification\",\"valueRequired\":true,\"valueName\":\"search_term_string\"}}],\"inLanguage\":\"ja\"}]}<\/script>\n<!-- \/ Yoast SEO plugin. -->","yoast_head_json":{"title":"Headhunting - Estratia","robots":{"index":"index","follow":"follow","max-snippet":"max-snippet:-1","max-image-preview":"max-image-preview:large","max-video-preview":"max-video-preview:-1"},"canonical":"https:\/\/ymu.emg.mybluehost.me\/website_eeeaa1cf\/headhunting\/","og_locale":"ja_JP","og_type":"article","og_title":"Headhunting - Estratia","og_url":"https:\/\/ymu.emg.mybluehost.me\/website_eeeaa1cf\/headhunting\/","og_site_name":"Estratia","article_modified_time":"2024-06-20T16:57:46+00:00","twitter_card":"summary_large_image","twitter_misc":{"\u63a8\u5b9a\u8aad\u307f\u53d6\u308a\u6642\u9593":"3\u5206"},"schema":{"@context":"https:\/\/schema.org","@graph":[{"@type":"WebPage","@id":"https:\/\/ymu.emg.mybluehost.me\/website_eeeaa1cf\/headhunting\/","url":"https:\/\/ymu.emg.mybluehost.me\/website_eeeaa1cf\/headhunting\/","name":"Headhunting - Estratia","isPartOf":{"@id":"https:\/\/ymu.emg.mybluehost.me\/website_eeeaa1cf\/#website"},"datePublished":"2024-02-01T16:30:57+00:00","dateModified":"2024-06-20T16:57:46+00:00","breadcrumb":{"@id":"https:\/\/ymu.emg.mybluehost.me\/website_eeeaa1cf\/headhunting\/#breadcrumb"},"inLanguage":"ja","potentialAction":[{"@type":"ReadAction","target":["https:\/\/ymu.emg.mybluehost.me\/website_eeeaa1cf\/headhunting\/"]}]},{"@type":"BreadcrumbList","@id":"https:\/\/ymu.emg.mybluehost.me\/website_eeeaa1cf\/headhunting\/#breadcrumb","itemListElement":[{"@type":"ListItem","position":1,"name":"Portada","item":"https:\/\/estratiahc.com.mx\/"},{"@type":"ListItem","position":2,"name":"Headhunting"}]},{"@type":"WebSite","@id":"https:\/\/ymu.emg.mybluehost.me\/website_eeeaa1cf\/#website","url":"https:\/\/ymu.emg.mybluehost.me\/website_eeeaa1cf\/","name":"Estratia","description":"Human Capital","potentialAction":[{"@type":"SearchAction","target":{"@type":"EntryPoint","urlTemplate":"https:\/\/ymu.emg.mybluehost.me\/website_eeeaa1cf\/?s={search_term_string}"},"query-input":{"@type":"PropertyValueSpecification","valueRequired":true,"valueName":"search_term_string"}}],"inLanguage":"ja"}]}},"_links":{"self":[{"href":"https:\/\/estratiahc.com.mx\/ja\/wp-json\/wp\/v2\/pages\/13822","targetHints":{"allow":["GET"]}}],"collection":[{"href":"https:\/\/estratiahc.com.mx\/ja\/wp-json\/wp\/v2\/pages"}],"about":[{"href":"https:\/\/estratiahc.com.mx\/ja\/wp-json\/wp\/v2\/types\/page"}],"author":[{"embeddable":true,"href":"https:\/\/estratiahc.com.mx\/ja\/wp-json\/wp\/v2\/users\/1"}],"replies":[{"embeddable":true,"href":"https:\/\/estratiahc.com.mx\/ja\/wp-json\/wp\/v2\/comments?post=13822"}],"version-history":[{"count":67,"href":"https:\/\/estratiahc.com.mx\/ja\/wp-json\/wp\/v2\/pages\/13822\/revisions"}],"predecessor-version":[{"id":14739,"href":"https:\/\/estratiahc.com.mx\/ja\/wp-json\/wp\/v2\/pages\/13822\/revisions\/14739"}],"wp:attachment":[{"href":"https:\/\/estratiahc.com.mx\/ja\/wp-json\/wp\/v2\/media?parent=13822"}],"curies":[{"name":"wp","href":"https:\/\/api.w.org\/{rel}","templated":true}]}}