{"id":13826,"date":"2024-02-01T16:34:16","date_gmt":"2024-02-01T16:34:16","guid":{"rendered":"https:\/\/ymu.emg.mybluehost.me\/website_eeeaa1cf\/?page_id=13826"},"modified":"2024-10-09T21:35:34","modified_gmt":"2024-10-09T21:35:34","slug":"reclutamiento-operativo","status":"publish","type":"page","link":"https:\/\/estratiahc.com.mx\/en\/reclutamiento-operativo\/","title":{"rendered":"Operative Recruitment"},"content":{"rendered":"<section class=\"wpb-content-wrapper\"><section data-vc-full-width=\"true\" data-vc-full-width-init=\"false\" class=\"vc_section vc_section_visible vc_row-o-full-height vc_section-o-content-middle vc_section-flex\" data-section-name=\"\"><div class=\"pix_element_overlay  bg-gray-1\" style=\"pointer-events:none;;position:absolute;width:100%;height:100%;top:0;left:0;opacity:1;\"><\/div><div data-vc-full-width=\"true\" data-vc-full-width-init=\"false\" class=\"vc_row wpb_row vc_row-fluid vc_row_visible custom-responsive-26162921 vc_custom_1710369745618 vc_column-gap-25 vc_row-o-content-middle vc_row-flex\"><div class=\"wpb_column vc_column_container vc_col-sm-6 text-left\"><div class=\"vc_column-inner\"><div class=\"wpb_wrapper\"><div id=\"el1703782639351-1923a88d-5067\" class=\"pix-highlighted-element text-left\"><h1 class=\"pix-highlighted-items display-4 animate-in\" style=\"\" data-anim-type=\"fade-in\" data-anim-delay=\"0\"><span id=\"el1703782639351-1923a88d-5067-0\" class=\"\"><span class=\"pix-highlighted-text pix-highlight-item font-weight-normal  font-weight-bold heading-font text-primary\">Operational <\/span><\/span><span id=\"el1703782639351-1923a88d-5067-1\" class=\"\"><span class=\"pix-highlighted-text pix-highlight-item font-weight-normal  font-weight-bold heading-font text-primary\">Recruitment<\/span><\/span><\/h1><\/div><div id=\"el1705944504105-3cdddc6e-0d1b\" class=\"pix-el-text   w-100   vc_custom_1728509678821\" ><p class=\"\"><p><span style=\"font-weight: 400;\">At Estratia Human Capital, we believe that <\/span><b>operative personnel are the fundamental foundation of companies.<\/b><span style=\"font-weight: 400;\"> We offer a process supported by a selection methodology that addresses diverse aspects such as stability, ability, skills, experience, and values that align with those of your organization. <strong>Market opening strategy and timely coverage of available vacancies.<\/strong><\/span><\/p>\n<\/p><\/div><a  href=\"https:\/\/estratiahc.com.mx\/en\/contacto\/\" class=\"btn mb-2    vc_custom_1708728817049  btn-secondary d-inline-block     btn-rounded btn-md\"     ><span class=\"font-weight-bold\" >Contact us<\/span><\/a><\/div><\/div><\/div><div class=\"wpb_column vc_column_container vc_col-sm-6 text-center\"><div class=\"vc_column-inner  vc_custom_1710359139303\"><div class=\"wpb_wrapper\"><div class=\"d-inline-block\" ><div class=\"pix-img-el  vc_custom_1710439791742   text-center d-inline-block  w-100 rounded-0\"  ><img loading=\"lazy\" decoding=\"async\" class=\"card-img2 pix-img-elem rounded-0  h-1002\" style=\"height:auto;\" width=\"900\" height=\"674\" srcset=\"https:\/\/estratiahc.com.mx\/wp-content\/uploads\/2024\/03\/Nosotros2-2.png 900w, https:\/\/estratiahc.com.mx\/wp-content\/uploads\/2024\/03\/Nosotros2-2-300x225.png 300w, https:\/\/estratiahc.com.mx\/wp-content\/uploads\/2024\/03\/Nosotros2-2-768x575.png 768w, https:\/\/estratiahc.com.mx\/wp-content\/uploads\/2024\/03\/Nosotros2-2-16x12.png 16w, https:\/\/estratiahc.com.mx\/wp-content\/uploads\/2024\/03\/Nosotros2-2-600x450.png 600w\" sizes=\"auto, (max-width: 900px) 100vw, 900px\" src=\"https:\/\/estratiahc.com.mx\/wp-content\/uploads\/2024\/03\/Nosotros2-2.png\" alt=\"\" \/><\/div><\/div><\/div><\/div><\/div><\/div><div class=\"vc_row-full-width vc_clearfix\"><\/div><\/section><div class=\"vc_row-full-width vc_clearfix\"><\/div><section data-vc-full-width=\"true\" data-vc-full-width-init=\"false\" class=\"vc_section vc_section_visible vc_custom_1710369475382 vc_section-has-fill\" data-section-name=\"\"><div class=\"pix_element_overlay  bg-white\" style=\"pointer-events:none;;position:absolute;width:100%;height:100%;top:0;left:0;opacity:1;\"><\/div><div data-vc-full-width=\"true\" data-vc-full-width-init=\"false\" class=\"vc_row wpb_row vc_row-fluid vc_row_visible vc_row-o-content-middle vc_row-flex\"><div class=\"wpb_column vc_column_container vc_col-sm-2\/5 text-left\"><div class=\"vc_column-inner\"><div class=\"wpb_wrapper\"><div class=\"d-inline-block\" ><div class=\"pix-img-el    fly-sm text-center d-inline-block  w-100 rounded-lg\"  ><img loading=\"lazy\" decoding=\"async\" class=\"card-img2 pix-img-elem rounded-lg  h-1002\" style=\"height:auto;\" width=\"1200\" height=\"685\" srcset=\"https:\/\/estratiahc.com.mx\/wp-content\/uploads\/2024\/02\/Estratia-futuro-laboral.png 1200w, https:\/\/estratiahc.com.mx\/wp-content\/uploads\/2024\/02\/Estratia-futuro-laboral-300x171.png 300w, https:\/\/estratiahc.com.mx\/wp-content\/uploads\/2024\/02\/Estratia-futuro-laboral-1024x585.png 1024w, https:\/\/estratiahc.com.mx\/wp-content\/uploads\/2024\/02\/Estratia-futuro-laboral-768x438.png 768w, https:\/\/estratiahc.com.mx\/wp-content\/uploads\/2024\/02\/Estratia-futuro-laboral-18x10.png 18w\" sizes=\"auto, (max-width: 1200px) 100vw, 1200px\" src=\"https:\/\/estratiahc.com.mx\/wp-content\/uploads\/2024\/02\/Estratia-futuro-laboral.png\" alt=\"\" \/><\/div><\/div><\/div><\/div><\/div><div class=\"wpb_column vc_column_container vc_col-sm-3\/5 text-left\"><div class=\"vc_column-inner custom-responsive-184408399 vc_custom_1710522965934\"><div class=\"wpb_wrapper\"><div class=\"pix-el-text w-100   vc_custom_1710369544642\" ><p class=\"text-20  text-primary  font-weight-bold\" >With more than 8 years of experience, we are specialized in the attraction of operative talent for companies in different areas such as:<\/p><\/div><div id=\"duo-icon-118428112\" class=\"slide-in-container w-100\" ><div class=\"py-2\"  ><div class=\"pix-feature-list   font-weight-bold     py-2 d-flex align-items-center\" ><i class=\"pixicon-check-circle-2 mr-2 text-blue\" ><\/i><span class=\"text-primary\">Automotive<\/span><\/div><div class=\"pix-feature-list   font-weight-bold     py-2 d-flex align-items-center\" ><i class=\"pixicon-check-circle-2 mr-2 text-blue\" ><\/i><span class=\"text-primary\">Food<\/span><\/div><div class=\"pix-feature-list   font-weight-bold     py-2 d-flex align-items-center\" ><i class=\"pixicon-check-circle-2 mr-2 text-blue\" ><\/i><span class=\"text-primary\">Construction, steel and mining industry<\/span><\/div><div class=\"pix-feature-list   font-weight-bold     py-2 d-flex align-items-center\" ><i class=\"pixicon-check-circle-2 mr-2 text-blue\" ><\/i><span class=\"text-primary\">Energy and hydrocarbons<\/span><\/div><div class=\"pix-feature-list   font-weight-bold     py-2 d-flex align-items-center\" ><i class=\"pixicon-check-circle-2 mr-2 text-blue\" ><\/i><span class=\"text-primary\">Manufacture<\/span><\/div><div class=\"pix-feature-list   font-weight-bold     py-2 d-flex align-items-center\" ><i class=\"pixicon-check-circle-2 mr-2 text-blue\" ><\/i><span class=\"text-primary\">Logistics and transportation<\/span><\/div><div class=\"pix-feature-list   font-weight-bold     py-2 d-flex align-items-center\" ><i class=\"pixicon-check-circle-2 mr-2 text-blue\" ><\/i><span class=\"text-primary\">Information and communication technologies<\/span><\/div><\/div><\/div><\/div><\/div><\/div><\/div><div class=\"vc_row-full-width vc_clearfix\"><\/div><\/section><div class=\"vc_row-full-width vc_clearfix\"><\/div><section data-vc-full-width=\"true\" data-vc-full-width-init=\"false\" class=\"vc_section vc_section_visible vc_custom_1710522954073\" data-section-name=\"\"><div class=\"pix_element_overlay  bg-white\" style=\"pointer-events:none;;position:absolute;width:100%;height:100%;top:0;left:0;opacity:1;\"><\/div><div class=\"vc_row wpb_row vc_row-fluid vc_row_visible vc_custom_1710522940303 vc_row-has-fill\"><div class=\"pix_element_overlay  bg-primary\" style=\"pointer-events:none;position:absolute;width:100%;height:100%;top:0;left:0;opacity:1;\"><\/div><div class=\"wpb_column vc_column_container vc_col-sm-12 text-center\"><div class=\"vc_column-inner\"><div class=\"wpb_wrapper\"><div id=\"el1708622178962-93503728-a26b\" class=\"pix-highlighted-element text-center\"><h2 class=\"pix-highlighted-items\" style=\"\" data-anim-type=\"\" data-anim-delay=\"0\"><span id=\"el1708622178962-93503728-a26b-0\" class=\"\"><span class=\"pix-highlighted-text pix-highlight-item font-weight-normal  font-weight-bold heading-font text-white\">We have recruited <\/span><\/span><span id=\"el1708622178962-93503728-a26b-1\" class=\"pix-highlight-bg align-middle2  el1708622178962-93503728-a26b-1 animate-in\" data-anim-type=\"highlight-grow\" data-anim-delay=\"200\"><span class=\"pix-highlighted-text  pix-highlight-item font-weight-normal  font-weight-bold heading-font text-white\">operative profiles<\/span><\/span><span id=\"el1708622178962-93503728-a26b-2\" class=\"\"><span class=\"pix-highlighted-text pix-highlight-item font-weight-normal  font-weight-bold heading-font text-white\"> such as<\/span><\/span><\/h2><\/div><div id=\"duo-icon-190875498\" class=\"slide-in-container w-100   vc_custom_1710367393632\" ><div class=\"py-2\"  ><div class=\"pix-feature-list text-18  font-weight-bold     py-2 d-flex align-items-center\" ><i class=\"pixicon-users-2 mr-2 text-yellow\" ><\/i><span class=\"text-white\">Technicians<\/span><\/div><div class=\"pix-feature-list text-18  font-weight-bold     py-2 d-flex align-items-center\" ><i class=\"pixicon-users-2 mr-2 text-yellow\" ><\/i><span class=\"text-white\">Forklift drivers<\/span><\/div><div class=\"pix-feature-list text-18  font-weight-bold     py-2 d-flex align-items-center\" ><i class=\"pixicon-users-2 mr-2 text-yellow\" ><\/i><span class=\"text-white\">General Operators<\/span><\/div><div class=\"pix-feature-list text-18  font-weight-bold     py-2 d-flex align-items-center\" ><i class=\"pixicon-users-2 mr-2 text-yellow\" ><\/i><span class=\"text-white\">Drivers<\/span><\/div><div class=\"pix-feature-list text-18  font-weight-bold     py-2 d-flex align-items-center\" ><i class=\"pixicon-users-2 mr-2 text-yellow\" ><\/i><span class=\"text-white\">Seamstress<\/span><\/div><div class=\"pix-feature-list text-18  font-weight-bold     py-2 d-flex align-items-center\" ><i class=\"pixicon-users-2 mr-2 text-yellow\" ><\/i><span class=\"text-white\">Counter staff<\/span><\/div><div class=\"pix-feature-list text-18  font-weight-bold     py-2 d-flex align-items-center\" ><i class=\"pixicon-users-2 mr-2 text-yellow\" ><\/i><span class=\"text-white\">Cleaning staff<\/span><\/div><\/div><\/div><\/div><\/div><\/div><\/div><\/section><div class=\"vc_row-full-width vc_clearfix\"><\/div><section data-vc-full-width=\"true\" data-vc-full-width-init=\"false\" class=\"vc_section vc_section_visible custom-responsive-80173966 vc_custom_1710371864528 vc_section-has-fill vc_section-o-content-middle vc_section-flex\" data-section-name=\"\"><div class=\"pix-divider pix-top-divider\" data-style=\"style-24\" style=\"top:-1px;\"><svg xmlns=\"http:\/\/www.w3.org\/2000\/svg\" width=\"100%\"  viewbox=\"0 0 300 130\" preserveaspectratio=\"none\"><g fill=\"#ffffff\"  ><polygon points=\"0 109.769452 300 49.8270893 300 130 0 130\"><\/polygon><\/g><g class=\"animate-in\" data-anim-type=\"fade-in-up\" data-anim-delay=\"300\"><g fill=\"url(#divider-36799-top-overlay-layer-1)\" transform=\"translate(0.0, 49.83)\"><polygon points=\"87.319394 25.82088 87.375 42.5187032 71.812 45.62088 71.8127561 62.3221129 0 77.0678507 0 76.6446398 71.4373125 62.0149568 71.437 45.69588 0 59.9394524 0 43.2679827\"><\/polygon><polygon points=\"256.3125 8.72 300 2.1931479e-17 300 16.5748991 256.3125 25.2852738\"><\/polygon><\/g><\/g><defs><lineargradient id=\"divider-36799-top-overlay-layer-1\" x1=\"0%\" y1=\"0%\" x2=\"100%\" y2=\"0%\"><stop offset=\"0%\"   stop-color=\"rgba(255,255,255,0.6)\"\/><stop offset=\"100%\"   stop-color=\"#e9ecef\"\/><\/lineargradient><\/defs><\/svg><\/div><div class=\"pix-divider pix-bottom-divider\" data-style=\"style-9\" style=\"bottom:-1px;\"><svg xmlns=\"http:\/\/www.w3.org\/2000\/svg\" width=\"100%\"  viewbox=\"0 0 1200 286\" preserveaspectratio=\"none\"><polygon fill=\"#f8f9fa\" points=\"0 280 1200 40 1200 286 0 286\"\/><defs><\/defs><\/svg><\/div><div data-vc-full-width=\"true\" data-vc-full-width-init=\"false\" class=\"vc_row wpb_row vc_row-fluid vc_row_visible vc_column-gap-30 vc_row-o-content-middle vc_row-flex\"><div class=\"wpb_column vc_column_container vc_col-sm-6 text-left\"><div class=\"vc_column-inner\"><div class=\"wpb_wrapper\"><div class=\"d-inline-block\" ><div class=\"pix-img-el    text-left d-inline-block  w-100 rounded-0\"  ><img loading=\"lazy\" decoding=\"async\" class=\"card-img2 pix-img-elem rounded-0  h-1002\" style=\"height:auto;\" width=\"800\" height=\"800\" srcset=\"https:\/\/estratiahc.com.mx\/wp-content\/uploads\/2024\/02\/Headhunting-estratia.png 800w, https:\/\/estratiahc.com.mx\/wp-content\/uploads\/2024\/02\/Headhunting-estratia-300x300.png 300w, https:\/\/estratiahc.com.mx\/wp-content\/uploads\/2024\/02\/Headhunting-estratia-150x150.png 150w, https:\/\/estratiahc.com.mx\/wp-content\/uploads\/2024\/02\/Headhunting-estratia-768x768.png 768w, https:\/\/estratiahc.com.mx\/wp-content\/uploads\/2024\/02\/Headhunting-estratia-12x12.png 12w, https:\/\/estratiahc.com.mx\/wp-content\/uploads\/2024\/02\/Headhunting-estratia-400x400.png 400w, https:\/\/estratiahc.com.mx\/wp-content\/uploads\/2024\/02\/Headhunting-estratia-75x75.png 75w, https:\/\/estratiahc.com.mx\/wp-content\/uploads\/2024\/02\/Headhunting-estratia-460x460.png 460w\" sizes=\"auto, (max-width: 800px) 100vw, 800px\" src=\"https:\/\/estratiahc.com.mx\/wp-content\/uploads\/2024\/02\/Headhunting-estratia.png\" alt=\"\" \/><\/div><\/div><\/div><\/div><\/div><div class=\"wpb_column vc_column_container vc_col-sm-6 text-left\"><div class=\"vc_column-inner  vc_custom_1592491872864\"><div class=\"wpb_wrapper\"><div id=\"el1708636250503-cce3d675-c8ad\" class=\"pix-highlighted-element text-left  vc_custom_1708636283521\"><h5 class=\"pix-highlighted-items\" style=\"\" data-anim-type=\"\" data-anim-delay=\"0\"><span id=\"el1708636250503-cce3d675-c8ad-0\" class=\"\"><span class=\"pix-highlighted-text pix-highlight-item font-weight-normal  font-weight-bold heading-font text-primary\">Write us your message<\/span><\/span><\/h5><\/div><div class=\"pix-el-text w-100\" ><p class=\"text-primary\" >At Estratia we are prepared to give you a solution to your needs. Get in touch with us and we will assist you immediately.<\/p><\/div>\n<div class=\"wpcf7 no-js\" id=\"wpcf7-f7-o1\" lang=\"es-ES\" dir=\"ltr\" data-wpcf7-id=\"7\">\n<div class=\"screen-reader-response\"><p role=\"status\" aria-live=\"polite\" aria-atomic=\"true\"><\/p> <ul><\/ul><\/div>\n<form action=\"\/en\/wp-json\/wp\/v2\/pages\/13826#wpcf7-f7-o1\" method=\"post\" class=\"wpcf7-form init\" aria-label=\"Formulario de contacto\" novalidate=\"novalidate\" data-status=\"init\" data-trp-original-action=\"\/en\/wp-json\/wp\/v2\/pages\/13826#wpcf7-f7-o1\">\n<div style=\"display: none;\">\n<input type=\"hidden\" name=\"_wpcf7\" value=\"7\" \/>\n<input type=\"hidden\" name=\"_wpcf7_version\" value=\"6.0.6\" \/>\n<input type=\"hidden\" name=\"_wpcf7_locale\" value=\"es_ES\" \/>\n<input type=\"hidden\" name=\"_wpcf7_unit_tag\" value=\"wpcf7-f7-o1\" \/>\n<input type=\"hidden\" name=\"_wpcf7_container_post\" value=\"0\" \/>\n<input type=\"hidden\" name=\"_wpcf7_posted_data_hash\" value=\"\" \/>\n<input type=\"hidden\" name=\"_wpcf7_recaptcha_response\" value=\"\" \/>\n<\/div>\n<div class=\"pix-contact7-form\"><div class=\"row\">\n\t<div class=\"col-lg-12 mb-3\">\n\t\t<p><span class=\"wpcf7-form-control-wrap\" data-name=\"your-name\"><input size=\"40\" maxlength=\"400\" class=\"wpcf7-form-control wpcf7-text wpcf7-validates-as-required form-control form-control-lg\" aria-required=\"true\" aria-invalid=\"false\" placeholder=\"Name\" value=\"\" type=\"text\" name=\"your-name\" \/><\/span>\n\t\t<\/p>\n\t<\/div>\n<\/div>\n<div class=\"row\">\n\t<div class=\"col-lg-6 mb-3\">\n\t\t<p><span class=\"wpcf7-form-control-wrap\" data-name=\"your-email\"><input size=\"40\" maxlength=\"400\" class=\"wpcf7-form-control wpcf7-email wpcf7-validates-as-required wpcf7-text wpcf7-validates-as-email form-control form-control-lg\" aria-required=\"true\" aria-invalid=\"false\" placeholder=\"example@example.com\" value=\"\" type=\"email\" name=\"your-email\" \/><\/span>\n\t\t<\/p>\n\t<\/div>\n\t<div class=\"col-lg-6 mb-3\">\n\t\t<p><span class=\"wpcf7-form-control-wrap\" data-name=\"your-tel\"><input size=\"40\" maxlength=\"400\" class=\"wpcf7-form-control wpcf7-tel wpcf7-validates-as-required wpcf7-text wpcf7-validates-as-tel form-control form-control-lg\" aria-required=\"true\" aria-invalid=\"false\" placeholder=\"WhatsApp\" value=\"\" type=\"tel\" name=\"your-tel\" \/><\/span>\n\t\t<\/p>\n\t<\/div>\n<\/div>\n<div class=\"row\">\n\t<div class=\"col-lg-12 mb-3\">\n\t\t<p><span class=\"wpcf7-form-control-wrap\" data-name=\"textarea-400\"><textarea cols=\"40\" rows=\"10\" maxlength=\"2000\" class=\"wpcf7-form-control wpcf7-textarea wpcf7-validates-as-required form-control form-control-lg\" aria-required=\"true\" aria-invalid=\"false\" placeholder=\"Write your message\" name=\"textarea-400\"><\/textarea><\/span>\n\t\t<\/p>\n\t<\/div>\n<\/div>\n<div class=\"row\">\n\t<div class=\"col-lg-12 mb-3\">\n\t\t<p><span class=\"wpcf7-form-control-wrap\" data-name=\"checkbox-terms\"><span class=\"wpcf7-form-control wpcf7-checkbox wpcf7-exclusive-checkbox\"><span class=\"wpcf7-list-item first last\"><input type=\"checkbox\" name=\"checkbox-terms\" value=\"Acepto los\" checked=\"checked\" \/><span class=\"wpcf7-list-item-label\">I accept<\/span><\/span><\/span><\/span><a href=\"#\"> terms and conditions<\/a>\n\t\t<\/p>\n\t<\/div>\n<\/div>\n<div class=\"row\">\n\t<div class=\"col-lg-12 text-center\">\n\t\t<p><input class=\"wpcf7-form-control wpcf7-submit has-spinner btn btn-primary text-white w-100 font-weight-bold shadow-lg btn-lg shadow-hover secondary-font\" type=\"submit\" value=\"Send\" \/>\n\t\t<\/p>\n\t<\/div>\n<\/div><\/div><div class=\"wpcf7-response-output\" aria-hidden=\"true\"><\/div>\n<input type=\"hidden\" name=\"trp-form-language\" value=\"en\"\/><\/form>\n<\/div>\n<\/div><\/div><\/div><\/div><div class=\"vc_row-full-width vc_clearfix\"><\/div><\/section><div class=\"vc_row-full-width vc_clearfix\"><\/div><\/section>","protected":false},"excerpt":{"rendered":"Reclutamiento OperativoEn Estratia Human Capital, sostenemos la convicci\u00f3n de que el personal operativo constituye el pilar fundamental de las empresas. Ofrecemos una metodolog\u00eda de selecci\u00f3n que aborda diversos aspectos como estabilidad, competencias, habilidades y experiencia que se alineen con los...","protected":false},"author":1,"featured_media":0,"parent":0,"menu_order":0,"comment_status":"closed","ping_status":"closed","template":"","meta":{"nf_dc_page":"","inline_featured_image":false,"footnotes":""},"class_list":["post-13826","page","type-page","status-publish","hentry"],"yoast_head":"<!-- This site is optimized with the Yoast SEO plugin v26.9 - https:\/\/yoast.com\/product\/yoast-seo-wordpress\/ -->\n<title>Reclutamiento operativo - Estratia<\/title>\n<meta name=\"robots\" content=\"index, follow, max-snippet:-1, max-image-preview:large, max-video-preview:-1\" \/>\n<link rel=\"canonical\" href=\"https:\/\/ymu.emg.mybluehost.me\/website_eeeaa1cf\/reclutamiento-operativo\/\" \/>\n<meta property=\"og:locale\" content=\"en_US\" \/>\n<meta property=\"og:type\" content=\"article\" \/>\n<meta property=\"og:title\" content=\"Reclutamiento operativo - Estratia\" \/>\n<meta property=\"og:url\" content=\"https:\/\/ymu.emg.mybluehost.me\/website_eeeaa1cf\/reclutamiento-operativo\/\" \/>\n<meta property=\"og:site_name\" content=\"Estratia\" \/>\n<meta property=\"article:modified_time\" content=\"2024-10-09T21:35:34+00:00\" \/>\n<meta name=\"twitter:card\" content=\"summary_large_image\" \/>\n<meta name=\"twitter:label1\" content=\"Est. reading time\" \/>\n\t<meta name=\"twitter:data1\" content=\"2 minutes\" \/>\n<script type=\"application\/ld+json\" class=\"yoast-schema-graph\">{\"@context\":\"https:\/\/schema.org\",\"@graph\":[{\"@type\":\"WebPage\",\"@id\":\"https:\/\/ymu.emg.mybluehost.me\/website_eeeaa1cf\/reclutamiento-operativo\/\",\"url\":\"https:\/\/ymu.emg.mybluehost.me\/website_eeeaa1cf\/reclutamiento-operativo\/\",\"name\":\"Reclutamiento operativo - Estratia\",\"isPartOf\":{\"@id\":\"https:\/\/ymu.emg.mybluehost.me\/website_eeeaa1cf\/#website\"},\"datePublished\":\"2024-02-01T16:34:16+00:00\",\"dateModified\":\"2024-10-09T21:35:34+00:00\",\"breadcrumb\":{\"@id\":\"https:\/\/ymu.emg.mybluehost.me\/website_eeeaa1cf\/reclutamiento-operativo\/#breadcrumb\"},\"inLanguage\":\"en-US\",\"potentialAction\":[{\"@type\":\"ReadAction\",\"target\":[\"https:\/\/ymu.emg.mybluehost.me\/website_eeeaa1cf\/reclutamiento-operativo\/\"]}]},{\"@type\":\"BreadcrumbList\",\"@id\":\"https:\/\/ymu.emg.mybluehost.me\/website_eeeaa1cf\/reclutamiento-operativo\/#breadcrumb\",\"itemListElement\":[{\"@type\":\"ListItem\",\"position\":1,\"name\":\"Portada\",\"item\":\"https:\/\/estratiahc.com.mx\/\"},{\"@type\":\"ListItem\",\"position\":2,\"name\":\"Reclutamiento operativo\"}]},{\"@type\":\"WebSite\",\"@id\":\"https:\/\/ymu.emg.mybluehost.me\/website_eeeaa1cf\/#website\",\"url\":\"https:\/\/ymu.emg.mybluehost.me\/website_eeeaa1cf\/\",\"name\":\"Estratia\",\"description\":\"Human Capital\",\"potentialAction\":[{\"@type\":\"SearchAction\",\"target\":{\"@type\":\"EntryPoint\",\"urlTemplate\":\"https:\/\/ymu.emg.mybluehost.me\/website_eeeaa1cf\/?s={search_term_string}\"},\"query-input\":{\"@type\":\"PropertyValueSpecification\",\"valueRequired\":true,\"valueName\":\"search_term_string\"}}],\"inLanguage\":\"en-US\"}]}<\/script>\n<!-- \/ Yoast SEO plugin. -->","yoast_head_json":{"title":"Reclutamiento operativo - Estratia","robots":{"index":"index","follow":"follow","max-snippet":"max-snippet:-1","max-image-preview":"max-image-preview:large","max-video-preview":"max-video-preview:-1"},"canonical":"https:\/\/ymu.emg.mybluehost.me\/website_eeeaa1cf\/reclutamiento-operativo\/","og_locale":"en_US","og_type":"article","og_title":"Reclutamiento operativo - Estratia","og_url":"https:\/\/ymu.emg.mybluehost.me\/website_eeeaa1cf\/reclutamiento-operativo\/","og_site_name":"Estratia","article_modified_time":"2024-10-09T21:35:34+00:00","twitter_card":"summary_large_image","twitter_misc":{"Est. reading time":"2 minutes"},"schema":{"@context":"https:\/\/schema.org","@graph":[{"@type":"WebPage","@id":"https:\/\/ymu.emg.mybluehost.me\/website_eeeaa1cf\/reclutamiento-operativo\/","url":"https:\/\/ymu.emg.mybluehost.me\/website_eeeaa1cf\/reclutamiento-operativo\/","name":"Reclutamiento operativo - Estratia","isPartOf":{"@id":"https:\/\/ymu.emg.mybluehost.me\/website_eeeaa1cf\/#website"},"datePublished":"2024-02-01T16:34:16+00:00","dateModified":"2024-10-09T21:35:34+00:00","breadcrumb":{"@id":"https:\/\/ymu.emg.mybluehost.me\/website_eeeaa1cf\/reclutamiento-operativo\/#breadcrumb"},"inLanguage":"en-US","potentialAction":[{"@type":"ReadAction","target":["https:\/\/ymu.emg.mybluehost.me\/website_eeeaa1cf\/reclutamiento-operativo\/"]}]},{"@type":"BreadcrumbList","@id":"https:\/\/ymu.emg.mybluehost.me\/website_eeeaa1cf\/reclutamiento-operativo\/#breadcrumb","itemListElement":[{"@type":"ListItem","position":1,"name":"Portada","item":"https:\/\/estratiahc.com.mx\/"},{"@type":"ListItem","position":2,"name":"Reclutamiento operativo"}]},{"@type":"WebSite","@id":"https:\/\/ymu.emg.mybluehost.me\/website_eeeaa1cf\/#website","url":"https:\/\/ymu.emg.mybluehost.me\/website_eeeaa1cf\/","name":"Estratia","description":"Human Capital","potentialAction":[{"@type":"SearchAction","target":{"@type":"EntryPoint","urlTemplate":"https:\/\/ymu.emg.mybluehost.me\/website_eeeaa1cf\/?s={search_term_string}"},"query-input":{"@type":"PropertyValueSpecification","valueRequired":true,"valueName":"search_term_string"}}],"inLanguage":"en-US"}]}},"_links":{"self":[{"href":"https:\/\/estratiahc.com.mx\/en\/wp-json\/wp\/v2\/pages\/13826","targetHints":{"allow":["GET"]}}],"collection":[{"href":"https:\/\/estratiahc.com.mx\/en\/wp-json\/wp\/v2\/pages"}],"about":[{"href":"https:\/\/estratiahc.com.mx\/en\/wp-json\/wp\/v2\/types\/page"}],"author":[{"embeddable":true,"href":"https:\/\/estratiahc.com.mx\/en\/wp-json\/wp\/v2\/users\/1"}],"replies":[{"embeddable":true,"href":"https:\/\/estratiahc.com.mx\/en\/wp-json\/wp\/v2\/comments?post=13826"}],"version-history":[{"count":49,"href":"https:\/\/estratiahc.com.mx\/en\/wp-json\/wp\/v2\/pages\/13826\/revisions"}],"predecessor-version":[{"id":14818,"href":"https:\/\/estratiahc.com.mx\/en\/wp-json\/wp\/v2\/pages\/13826\/revisions\/14818"}],"wp:attachment":[{"href":"https:\/\/estratiahc.com.mx\/en\/wp-json\/wp\/v2\/media?parent=13826"}],"curies":[{"name":"wp","href":"https:\/\/api.w.org\/{rel}","templated":true}]}}