{"id":13822,"date":"2024-02-01T16:30:57","date_gmt":"2024-02-01T16:30:57","guid":{"rendered":"https:\/\/ymu.emg.mybluehost.me\/website_eeeaa1cf\/?page_id=13822"},"modified":"2024-06-20T16:57:46","modified_gmt":"2024-06-20T16:57:46","slug":"headhunting","status":"publish","type":"page","link":"https:\/\/estratiahc.com.mx\/en\/headhunting\/","title":{"rendered":"Headhunting"},"content":{"rendered":"<section class=\"wpb-content-wrapper\"><section data-vc-full-width=\"true\" data-vc-full-width-init=\"false\" class=\"vc_section vc_section_visible vc_custom_1718236993866 vc_row-o-full-height vc_section-o-content-middle vc_section-flex\" data-section-name=\"\"><div data-vc-full-width=\"true\" data-vc-full-width-init=\"false\" class=\"vc_row wpb_row vc_row-fluid vc_row_visible custom-responsive-129761425 vc_custom_1710368120420 vc_column-gap-25 vc_row-o-content-middle vc_row-flex\"><div class=\"wpb_column vc_column_container vc_col-sm-3\/5 text-left\"><div class=\"vc_column-inner\"><div class=\"wpb_wrapper\"><div id=\"el1708621926348-a9e83dbd-d476\" class=\"mb-3 text-left\"><h1 class=\"mb-32 pix-sliding-headline-2 animate-in font-weight-bold secondary-font\" data-anim-type=\"pix-sliding-text\" pix-anim-delay=\"500\" data-class=\"secondary-font text-primary\" style=\"\"><span class=\"slide-in-container\"><span class=\"pix-sliding-item secondary-font text-primary\" style=\"transition-delay: 0ms;\">Executive<\/span><\/span> <span class=\"slide-in-container\"><span class=\"pix-sliding-item secondary-font text-primary\" style=\"transition-delay: 150ms;\">Search<\/span><\/span> <\/h1><\/div><div id=\"el1705944504105-3cdddc6e-0d1b\" class=\"pix-el-text   w-100\" ><p class=\"\"><p class=\"translation-block\">Imagine your company composed of an exceptional executive team, made up of visionary leaders, brilliant strategists, and relentless executors.<\/p>\n<p><b>This dream can become your reality with our certified headhunting service, regardless of the time, situation, or pace of your company. <\/b><span style=\"font-weight: 400;\">No matter the time, moment, situation, or pace of your company.\u00a0<\/span><\/p>\n<\/p><\/div><div class=\"pix-el-text w-100   vc_custom_1718229087236\" ><p class=\"text-sm  text-primary  font-weight-bold\" >At Estratia, we offer a reliable and effective process for recruiting professional and C-Level profiles nationwide.\r\n<\/p><\/div><a id=\"boton-lap01\" href=\"https:\/\/estratiahc.com.mx\/en\/contacto\/\" class=\"btn mb-2    vc_custom_1718236742184  btn-secondary d-inline-block     btn-rounded btn-lg\"     ><span class=\"font-weight-bold\" >Contact us<\/span><\/a><a id=\"boton-lap02\" href=\"https:\/\/estratiahc.com.mx\/en\/vacantes-activas\/\" class=\"btn mb-2    vc_custom_1710531283555  btn-blue d-inline-block     btn-rounded btn-md\"     ><span class=\"font-weight-bold\" >Job opportunities<\/span><\/a><\/div><\/div><\/div><div class=\"wpb_column vc_column_container vc_col-sm-2\/5 text-left\"><div class=\"vc_column-inner  vc_custom_1604715604745\"><div class=\"wpb_wrapper\"><div class=\"d-inline-block\" ><div class=\"animate-in  d-inline-block\" data-anim-type=\"fade-in-right\" data-anim-delay=\"0\"><div class=\"pix-img-el    text-center d-inline-block  w-100 rounded-0\"  ><img loading=\"lazy\" decoding=\"async\" class=\"card-img2 pix-img-elem rounded-0  h-1002\" style=\"height:auto;\" width=\"757\" height=\"800\" srcset=\"https:\/\/estratiahc.com.mx\/wp-content\/uploads\/2024\/02\/Estratia-contacto-1.png 757w, https:\/\/estratiahc.com.mx\/wp-content\/uploads\/2024\/02\/Estratia-contacto-1-284x300.png 284w, https:\/\/estratiahc.com.mx\/wp-content\/uploads\/2024\/02\/Estratia-contacto-1-11x12.png 11w\" sizes=\"auto, (max-width: 757px) 100vw, 757px\" src=\"https:\/\/estratiahc.com.mx\/wp-content\/uploads\/2024\/02\/Estratia-contacto-1.png\" alt=\"\" \/><\/div><\/div><\/div><div class=\"vc_row wpb_row vc_inner vc_row-fluid vc_column-gap-25\"><div class=\"wpb_column vc_column_container vc_col-sm-6 vc_col-xs-2 text-center\"><div class=\"vc_column-inner vc_custom_1710538660667\"><div class=\"wpb_wrapper\"><a id=\"boton-cel01\" href=\"https:\/\/estratiahc.com.mx\/en\/contacto\/\" class=\"btn mb-2    vc_custom_1710538364555  btn-secondary d-inline-block     btn-rounded btn-normal\"     ><span class=\"font-weight-bold\" >Contact us<\/span><\/a><\/div><\/div><\/div><div class=\"wpb_column vc_column_container vc_col-sm-6 vc_col-xs-2 text-center\"><div class=\"vc_column-inner vc_custom_1710538673632\"><div class=\"wpb_wrapper\"><a id=\"boton-cel02\" href=\"https:\/\/estratiahc.com.mx\/en\/vacantes-activas\/\" class=\"btn mb-2    vc_custom_1710538503164  btn-blue d-inline-block     btn-rounded btn-normal\"     ><span class=\"font-weight-bold\" >Job opportunities<\/span><\/a><\/div><\/div><\/div><\/div><\/div><\/div><\/div><\/div><div class=\"vc_row-full-width vc_clearfix\"><\/div><\/section><div class=\"vc_row-full-width vc_clearfix\"><\/div><section data-vc-full-width=\"true\" data-vc-full-width-init=\"false\" class=\"vc_section vc_section_visible custom-responsive-12702750 vc_custom_1718236970702 vc_section-has-fill vc_section-o-content-middle vc_section-flex\" data-section-name=\"\"><div class=\"pix-divider pix-top-divider\" data-style=\"style-24\" style=\"top:-1px;\"><svg xmlns=\"http:\/\/www.w3.org\/2000\/svg\" width=\"100%\"  viewbox=\"0 0 300 130\" preserveaspectratio=\"none\"><g fill=\"#ffffff\"  ><polygon points=\"0 109.769452 300 49.8270893 300 130 0 130\"><\/polygon><\/g><g class=\"animate-in\" data-anim-type=\"fade-in-up\" data-anim-delay=\"300\"><g fill=\"url(#divider-13738-top-overlay-layer-1)\" transform=\"translate(0.0, 49.83)\"><polygon points=\"87.319394 25.82088 87.375 42.5187032 71.812 45.62088 71.8127561 62.3221129 0 77.0678507 0 76.6446398 71.4373125 62.0149568 71.437 45.69588 0 59.9394524 0 43.2679827\"><\/polygon><polygon points=\"256.3125 8.72 300 2.1931479e-17 300 16.5748991 256.3125 25.2852738\"><\/polygon><\/g><\/g><defs><lineargradient id=\"divider-13738-top-overlay-layer-1\" x1=\"0%\" y1=\"0%\" x2=\"100%\" y2=\"0%\"><stop offset=\"0%\"   stop-color=\"rgba(255,255,255,0.6)\"\/><stop offset=\"100%\"   stop-color=\"#e9ecef\"\/><\/lineargradient><\/defs><\/svg><\/div><div class=\"pix-divider pix-bottom-divider\" data-style=\"style-9\" style=\"bottom:-1px;\"><svg xmlns=\"http:\/\/www.w3.org\/2000\/svg\" width=\"100%\"  viewbox=\"0 0 1200 286\" preserveaspectratio=\"none\"><polygon fill=\"#f8f9fa\" points=\"0 280 1200 40 1200 286 0 286\"\/><defs><\/defs><\/svg><\/div><div class=\"vc_row wpb_row vc_row-fluid vc_row_visible vc_custom_1718233101603 vc_row-o-content-middle vc_row-flex\"><div class=\"wpb_column vc_column_container vc_col-sm-12 text-left\"><div class=\"vc_column-inner  vc_custom_1591423889114\"><div class=\"wpb_wrapper\"><div class=\"vc_row wpb_row vc_inner vc_row-fluid\"><div class=\"wpb_column vc_column_container vc_col-sm-6 text-left\"><div class=\"vc_column-inner vc_custom_1718233562287\"><div class=\"wpb_wrapper\"><div id=\"1604713815670-5c08efd0-d6d0\" class=\"pix-feature-el text-left  vc_custom_1718643194579\"><div class=\"d-inline-block animate-in\" data-anim-type=\"fade-in-up\" data-anim-delay=\"100\" style=\"position:relative;text-align:center;\"><i style=\"display:inline-block;font-size:30px;line-height:30px;\" class=\"text-primary align-middle pixicon-check-square-2\"><\/i><\/div><h5 class=\"font-weight-bold  secondary-font text-heading-default animate-in\" style=\"padding-top:30px;\" data-anim-type=\"fade-in-up\" data-anim-delay=\"200\">Profile Study and Development<\/h5><div class=\"text-body-default      animate-in\" style=\"padding-top:10px;\" data-anim-type=\"fade-in-up\" data-anim-delay=\"300\">We work closely with the HRBP or HR Manager to thoroughly understand the job requirements and the ideal candidate's characteristics.<\/div><\/div><div id=\"1604713815793-74a4e7f9-e85f\" class=\"pix-feature-el text-left  vc_custom_1718643225488\"><div class=\"d-inline-block animate-in\" data-anim-type=\"fade-in-up\" data-anim-delay=\"300\" style=\"position:relative;text-align:center;\"><i style=\"display:inline-block;font-size:30px;line-height:30px;\" class=\"text-primary align-middle pixicon-laptop-3\"><\/i><\/div><h5 class=\"font-weight-bold  secondary-font text-heading-default animate-in\" style=\"padding-top:30px;\" data-anim-type=\"fade-in-up\" data-anim-delay=\"400\">Comprehensive Evaluation<\/h5><div class=\"text-body-default      animate-in\" style=\"padding-top:10px;\" data-anim-type=\"fade-in-up\" data-anim-delay=\"500\">We administer psychometric tests and conduct thorough interviews to assess each candidate's skills, experience, and cultural fit.<\/div><\/div><\/div><\/div><\/div><div class=\"wpb_column vc_column_container vc_col-sm-6 text-left\"><div class=\"vc_column-inner\"><div class=\"wpb_wrapper\"><div id=\"1718642163457-979e5dc7-68bc\" class=\"pix-feature-el text-left  vc_custom_1718643234788\"><div class=\"d-inline-block animate-in\" data-anim-type=\"fade-in-up\" data-anim-delay=\"200\" style=\"position:relative;text-align:center;\"><i style=\"display:inline-block;font-size:30px;line-height:30px;\" class=\"text-primary align-middle pixicon-user-female-search\"><\/i><\/div><h5 class=\"font-weight-bold  secondary-font text-heading-default animate-in\" style=\"padding-top:30px;\" data-anim-type=\"fade-in-up\" data-anim-delay=\"300\">Search and Selection<\/h5><div class=\"text-body-default      animate-in\" style=\"padding-top:10px;\" data-anim-type=\"fade-in-up\" data-anim-delay=\"400\">We focus on identifying the best talent, including those not actively seeking new employment opportunities.<\/div><\/div><div id=\"1718230315213-27ed0322-7c63\" class=\"pix-feature-el text-left  vc_custom_1718643397567\"><div class=\"d-inline-block animate-in\" data-anim-type=\"fade-in-up\" data-anim-delay=\"100\" style=\"position:relative;text-align:center;\"><i style=\"display:inline-block;font-size:30px;line-height:30px;\" class=\"text-primary align-middle pixicon-user-male-check-2\"><\/i><\/div><h5 class=\"font-weight-bold  secondary-font text-heading-default animate-in\" style=\"padding-top:30px;\" data-anim-type=\"fade-in-up\" data-anim-delay=\"200\">Presentation of Qualified Candidates<\/h5><div class=\"text-body-default      animate-in\" style=\"padding-top:10px;\" data-anim-type=\"fade-in-up\" data-anim-delay=\"300\">We present a selection and comparison of the top three candidates who meet the job requirements.<\/div><\/div><\/div><\/div><\/div><\/div><div class=\"vc_row wpb_row vc_inner vc_row-fluid vc_custom_1718233220184\"><div class=\"wpb_column vc_column_container vc_col-sm-4 text-left\"><div class=\"vc_column-inner\"><div class=\"wpb_wrapper\"><\/div><\/div><\/div><div class=\"wpb_column vc_column_container vc_col-sm-4 text-left\"><div class=\"vc_column-inner\"><div class=\"wpb_wrapper\"><div id=\"1718230315265-b55c0c46-f477\" class=\"pix-feature-el text-left  vc_custom_1718643260162\"><div class=\"d-inline-block animate-in\" data-anim-type=\"fade-in-up\" data-anim-delay=\"300\" style=\"position:relative;text-align:center;\"><i style=\"display:inline-block;font-size:30px;line-height:30px;\" class=\"text-primary align-middle pixicon-msg-check-1\"><\/i><\/div><h5 class=\"font-weight-bold  secondary-font text-heading-default animate-in\" style=\"padding-top:30px;\" data-anim-type=\"fade-in-up\" data-anim-delay=\"400\">Support During the Hiring Process<\/h5><div class=\"text-body-default      animate-in\" style=\"padding-top:10px;\" data-anim-type=\"fade-in-up\" data-anim-delay=\"500\">We provide advice and support throughout the entire hiring process, from the final selection to the onboarding of the new employee.<\/div><\/div><\/div><\/div><\/div><div class=\"wpb_column vc_column_container vc_col-sm-4 text-left\"><div class=\"vc_column-inner\"><div class=\"wpb_wrapper\"><\/div><\/div><\/div><\/div><\/div><\/div><\/div><\/div><div data-vc-full-width=\"true\" data-vc-full-width-init=\"false\" class=\"vc_row wpb_row vc_row-fluid vc_row_visible vc_custom_1718235403531 vc_column-gap-35 vc_row-o-content-middle vc_row-flex\"><div class=\"wpb_animate_when_almost_visible wpb_fadeInLeft fadeInLeft wpb_column vc_column_container vc_col-sm-6 text-left\"><div class=\"vc_column-inner custom-responsive-14226323 vc_custom_1718902642902\"><div class=\"wpb_wrapper\"><div class=\"d-inline-block\" ><div class=\"pix-img-el    text-left d-inline-block  w-100 rounded\"  ><img loading=\"lazy\" decoding=\"async\" class=\"card-img2 pix-img-elem rounded  h-1002\" style=\"height:auto;\" width=\"1140\" height=\"1710\" srcset=\"https:\/\/estratiahc.com.mx\/wp-content\/uploads\/2024\/06\/FachadaVertical-1.jpeg 1140w, https:\/\/estratiahc.com.mx\/wp-content\/uploads\/2024\/06\/FachadaVertical-1-200x300.jpeg 200w, https:\/\/estratiahc.com.mx\/wp-content\/uploads\/2024\/06\/FachadaVertical-1-683x1024.jpeg 683w, https:\/\/estratiahc.com.mx\/wp-content\/uploads\/2024\/06\/FachadaVertical-1-768x1152.jpeg 768w, https:\/\/estratiahc.com.mx\/wp-content\/uploads\/2024\/06\/FachadaVertical-1-1024x1536.jpeg 1024w, https:\/\/estratiahc.com.mx\/wp-content\/uploads\/2024\/06\/FachadaVertical-1-8x12.jpeg 8w\" sizes=\"auto, (max-width: 1140px) 100vw, 1140px\" src=\"https:\/\/estratiahc.com.mx\/wp-content\/uploads\/2024\/06\/FachadaVertical-1.jpeg\" alt=\"\" \/><\/div><\/div><\/div><\/div><\/div><div class=\"wpb_column vc_column_container vc_col-sm-6 text-left\"><div class=\"vc_column-inner\"><div class=\"wpb_wrapper\"><div id=\"el1705944504107-3713250d-9966\" class=\"pix-el-text   w-100   vc_custom_1718236466968\" ><p class=\"\"><p><span style=\"color: #4d6aad;\"><strong>We aim to provide comprehensive headhunting services to your company by fulfilling the following commitments:<\/strong><\/span><\/p>\n<p><b>Confidentiality and Discretion:<\/b><span style=\"font-weight: 400;\"> We are trained to handle confidential information discreetly and protect the company's reputation.<\/span><\/p>\n<p><b>Impartiality and Objectivity:<\/b><span style=\"font-weight: 400;\"> By hiring us, there will be no internal biases affecting the hiring decision.<\/span><\/p>\n<p class=\"translation-block\">Market Knowledge: We stay updated on market trends and salaries for C-Level positions. We will also guide you on job offers to keep your company competitive. Additionally, we offer compensation and benefits benchmarking services to attract the best candidates.<\/p>\n<p><b>Retention Guarantee: <\/b><span style=\"font-weight: 400;\">You will receive a retention guarantee to cover the vacancy if the candidate does not meet expectations.\u00a0<\/span><\/p>\n<\/p><\/div><a  href=\"https:\/\/estratiahc.com.mx\/en\/contacto\/\" class=\"btn mb-2     btn-secondary d-inline-block     btn-rounded btn-lg\"     ><span class=\"font-weight-bold\" >Contact us<\/span><\/a><\/div><\/div><\/div><\/div><div class=\"vc_row-full-width vc_clearfix\"><\/div><\/section><div class=\"vc_row-full-width vc_clearfix\"><\/div><\/section>","protected":false},"excerpt":{"rendered":"Headhunting&#32; Efectivo&#32; Imagina a tu empresa compuesta por un equipo ejecutivo excepcional, compuesto por l\u00edderes visionarios, estrategas brillantes y ejecutores implacables. Ese sue\u00f1o puede ser tu realidad con nuestro servicio certificado de headhunting sea cual sea el tiempo, momento, situaci\u00f3n...","protected":false},"author":1,"featured_media":0,"parent":0,"menu_order":0,"comment_status":"closed","ping_status":"closed","template":"","meta":{"nf_dc_page":"","inline_featured_image":false,"footnotes":""},"class_list":["post-13822","page","type-page","status-publish","hentry"],"yoast_head":"<!-- This site is optimized with the Yoast SEO plugin v26.9 - https:\/\/yoast.com\/product\/yoast-seo-wordpress\/ -->\n<title>Headhunting - Estratia<\/title>\n<meta name=\"robots\" content=\"index, follow, max-snippet:-1, max-image-preview:large, max-video-preview:-1\" \/>\n<link rel=\"canonical\" href=\"https:\/\/ymu.emg.mybluehost.me\/website_eeeaa1cf\/headhunting\/\" \/>\n<meta property=\"og:locale\" content=\"en_US\" \/>\n<meta property=\"og:type\" content=\"article\" \/>\n<meta property=\"og:title\" content=\"Headhunting - Estratia\" \/>\n<meta property=\"og:url\" content=\"https:\/\/ymu.emg.mybluehost.me\/website_eeeaa1cf\/headhunting\/\" \/>\n<meta property=\"og:site_name\" content=\"Estratia\" \/>\n<meta property=\"article:modified_time\" content=\"2024-06-20T16:57:46+00:00\" \/>\n<meta name=\"twitter:card\" content=\"summary_large_image\" \/>\n<meta name=\"twitter:label1\" content=\"Est. reading time\" \/>\n\t<meta name=\"twitter:data1\" content=\"3 minutes\" \/>\n<script type=\"application\/ld+json\" class=\"yoast-schema-graph\">{\"@context\":\"https:\/\/schema.org\",\"@graph\":[{\"@type\":\"WebPage\",\"@id\":\"https:\/\/ymu.emg.mybluehost.me\/website_eeeaa1cf\/headhunting\/\",\"url\":\"https:\/\/ymu.emg.mybluehost.me\/website_eeeaa1cf\/headhunting\/\",\"name\":\"Headhunting - Estratia\",\"isPartOf\":{\"@id\":\"https:\/\/ymu.emg.mybluehost.me\/website_eeeaa1cf\/#website\"},\"datePublished\":\"2024-02-01T16:30:57+00:00\",\"dateModified\":\"2024-06-20T16:57:46+00:00\",\"breadcrumb\":{\"@id\":\"https:\/\/ymu.emg.mybluehost.me\/website_eeeaa1cf\/headhunting\/#breadcrumb\"},\"inLanguage\":\"en-US\",\"potentialAction\":[{\"@type\":\"ReadAction\",\"target\":[\"https:\/\/ymu.emg.mybluehost.me\/website_eeeaa1cf\/headhunting\/\"]}]},{\"@type\":\"BreadcrumbList\",\"@id\":\"https:\/\/ymu.emg.mybluehost.me\/website_eeeaa1cf\/headhunting\/#breadcrumb\",\"itemListElement\":[{\"@type\":\"ListItem\",\"position\":1,\"name\":\"Portada\",\"item\":\"https:\/\/estratiahc.com.mx\/\"},{\"@type\":\"ListItem\",\"position\":2,\"name\":\"Headhunting\"}]},{\"@type\":\"WebSite\",\"@id\":\"https:\/\/ymu.emg.mybluehost.me\/website_eeeaa1cf\/#website\",\"url\":\"https:\/\/ymu.emg.mybluehost.me\/website_eeeaa1cf\/\",\"name\":\"Estratia\",\"description\":\"Human Capital\",\"potentialAction\":[{\"@type\":\"SearchAction\",\"target\":{\"@type\":\"EntryPoint\",\"urlTemplate\":\"https:\/\/ymu.emg.mybluehost.me\/website_eeeaa1cf\/?s={search_term_string}\"},\"query-input\":{\"@type\":\"PropertyValueSpecification\",\"valueRequired\":true,\"valueName\":\"search_term_string\"}}],\"inLanguage\":\"en-US\"}]}<\/script>\n<!-- \/ Yoast SEO plugin. -->","yoast_head_json":{"title":"Headhunting - Estratia","robots":{"index":"index","follow":"follow","max-snippet":"max-snippet:-1","max-image-preview":"max-image-preview:large","max-video-preview":"max-video-preview:-1"},"canonical":"https:\/\/ymu.emg.mybluehost.me\/website_eeeaa1cf\/headhunting\/","og_locale":"en_US","og_type":"article","og_title":"Headhunting - Estratia","og_url":"https:\/\/ymu.emg.mybluehost.me\/website_eeeaa1cf\/headhunting\/","og_site_name":"Estratia","article_modified_time":"2024-06-20T16:57:46+00:00","twitter_card":"summary_large_image","twitter_misc":{"Est. reading time":"3 minutes"},"schema":{"@context":"https:\/\/schema.org","@graph":[{"@type":"WebPage","@id":"https:\/\/ymu.emg.mybluehost.me\/website_eeeaa1cf\/headhunting\/","url":"https:\/\/ymu.emg.mybluehost.me\/website_eeeaa1cf\/headhunting\/","name":"Headhunting - Estratia","isPartOf":{"@id":"https:\/\/ymu.emg.mybluehost.me\/website_eeeaa1cf\/#website"},"datePublished":"2024-02-01T16:30:57+00:00","dateModified":"2024-06-20T16:57:46+00:00","breadcrumb":{"@id":"https:\/\/ymu.emg.mybluehost.me\/website_eeeaa1cf\/headhunting\/#breadcrumb"},"inLanguage":"en-US","potentialAction":[{"@type":"ReadAction","target":["https:\/\/ymu.emg.mybluehost.me\/website_eeeaa1cf\/headhunting\/"]}]},{"@type":"BreadcrumbList","@id":"https:\/\/ymu.emg.mybluehost.me\/website_eeeaa1cf\/headhunting\/#breadcrumb","itemListElement":[{"@type":"ListItem","position":1,"name":"Portada","item":"https:\/\/estratiahc.com.mx\/"},{"@type":"ListItem","position":2,"name":"Headhunting"}]},{"@type":"WebSite","@id":"https:\/\/ymu.emg.mybluehost.me\/website_eeeaa1cf\/#website","url":"https:\/\/ymu.emg.mybluehost.me\/website_eeeaa1cf\/","name":"Estratia","description":"Human Capital","potentialAction":[{"@type":"SearchAction","target":{"@type":"EntryPoint","urlTemplate":"https:\/\/ymu.emg.mybluehost.me\/website_eeeaa1cf\/?s={search_term_string}"},"query-input":{"@type":"PropertyValueSpecification","valueRequired":true,"valueName":"search_term_string"}}],"inLanguage":"en-US"}]}},"_links":{"self":[{"href":"https:\/\/estratiahc.com.mx\/en\/wp-json\/wp\/v2\/pages\/13822","targetHints":{"allow":["GET"]}}],"collection":[{"href":"https:\/\/estratiahc.com.mx\/en\/wp-json\/wp\/v2\/pages"}],"about":[{"href":"https:\/\/estratiahc.com.mx\/en\/wp-json\/wp\/v2\/types\/page"}],"author":[{"embeddable":true,"href":"https:\/\/estratiahc.com.mx\/en\/wp-json\/wp\/v2\/users\/1"}],"replies":[{"embeddable":true,"href":"https:\/\/estratiahc.com.mx\/en\/wp-json\/wp\/v2\/comments?post=13822"}],"version-history":[{"count":67,"href":"https:\/\/estratiahc.com.mx\/en\/wp-json\/wp\/v2\/pages\/13822\/revisions"}],"predecessor-version":[{"id":14739,"href":"https:\/\/estratiahc.com.mx\/en\/wp-json\/wp\/v2\/pages\/13822\/revisions\/14739"}],"wp:attachment":[{"href":"https:\/\/estratiahc.com.mx\/en\/wp-json\/wp\/v2\/media?parent=13822"}],"curies":[{"name":"wp","href":"https:\/\/api.w.org\/{rel}","templated":true}]}}